{"id":13,"date":"2014-08-22T18:20:22","date_gmt":"2014-08-22T18:20:22","guid":{"rendered":"http:\/\/new.muenchenvenedig.de\/?page_id=13"},"modified":"2025-02-20T17:06:17","modified_gmt":"2025-02-20T17:06:17","slug":"impressum","status":"publish","type":"page","link":"http:\/\/new.muenchenvenedig.de\/?page_id=13","title":{"rendered":"Impressum"},"content":{"rendered":"<p>Autoren dieser Webseite sind Eva-Maria Troidl und Stefan Lenz. Wir sind beide Wahlm\u00fcnchner und wie es sich f\u00fcr einen richtigen (zugereisten) M\u00fcnchner geh\u00f6rt, begeisterte Bergwanderer.<\/p>\n<p><a href=\"http:\/\/new.muenchenvenedig.de\/wp-content\/uploads\/2014\/08\/webpic3-26.jpg\"><img loading=\"lazy\" decoding=\"async\" class=\"alignleft size-medium wp-image-87\" src=\"http:\/\/new.muenchenvenedig.de\/wp-content\/uploads\/2014\/08\/webpic3-26-225x300.jpg\" alt=\"Stefan auf der Birkar\" width=\"225\" height=\"300\" srcset=\"http:\/\/new.muenchenvenedig.de\/wp-content\/uploads\/2014\/08\/webpic3-26-225x300.jpg 225w, http:\/\/new.muenchenvenedig.de\/wp-content\/uploads\/2014\/08\/webpic3-26.jpg 240w\" sizes=\"auto, (max-width: 225px) 100vw, 225px\" \/><\/a><\/p>\n<p>Mit der Reise von M\u00fcnchen nach Venedig zu Fu\u00df haben wir uns den Traum erf\u00fcllt, einmal 5 Wochen alles hinter uns zu lassen. Das Natur- und Bergerlebnis dieser Zeit hat bei uns einen bleibenden Eindruck hinterlassen.<br \/>\nUnsere Kontaktadresse f\u00fcr Zuschriften ist:<\/p>\n<p>Stefan Lenz<br \/>\nWindheuserstra\u00dfe 5<br \/>\n82433 Bad Kohlgrub<\/p>\n<p>Per EMail k\u00f6nnt Ihr uns unter wandern@muenchenvenedig.de erreichen.<\/p>\n<p>Der gesamte Inhalt dieser Website, dass hei\u00dft alle Seiten unterhalb der Dom\u00e4ne www.muenchenvenedig.de, ist urheberrechtlich gesch\u00fctzt. Vervielf\u00e4ltigung des Materials, gleich auf welchem Weg, ob elektronisch oder in Papierform, auch auszugsweise, ist nur mit schriftlicher Zustimmung der Autoren erlaubt.<\/p>\n<p>Anfragen nach Zustimmung bitte per EMail an wandern@muenchenvenedig.de.<\/p>\n<p>Zur Verwendung in privaten oder nicht kommerziellen Websites oder Ver\u00f6ffentlichungen geben wir die Texte in der Regel kostenlos frei, wenn bestimmte Voraussetzungen erf\u00fcllt sind (deutlicher Verweis auf diese Webseite und Copyrighthinweis auf die Autoren).<\/p>\n<p>Sollten wir urheberrechtlich gesch\u00fctztes Material irrt\u00fcmlich verwendet haben, bitten wir um Nachricht an die oben genannte Mailadresse. Wir werden das Material dann entfernen.<\/p>\n<p>Abmahnungen ohne vorherige Kontaktaufnahme mit uns werden wir ausnahmslos zur\u00fcckweisen und keine Rechtsschutzkosten der abmahnenden Person oder Organisation bezahlen. Sollten wir Schadensersatzpflichtig sein, werden wir das in Form einer g\u00fctlichen Einigung bei Kontaktaufnahme ohne Abmahnung l\u00f6sen.<\/p>\n<p>Besondere Dank gilt Ludwig Gra\u00dfler f\u00fcr seine Unterst\u00fctzung und seine Freundschaft. Danke auch an Helmut Knechtel f\u00fcr seine vielen positiven Kommentare.<\/p>\n","protected":false},"excerpt":{"rendered":"<p>Autoren dieser Webseite sind Eva-Maria Troidl und Stefan Lenz. Wir sind beide Wahlm\u00fcnchner und wie es sich f\u00fcr einen richtigen (zugereisten) M\u00fcnchner geh\u00f6rt, begeisterte Bergwanderer. Mit der Reise von M\u00fcnchen nach Venedig zu Fu\u00df haben wir uns den Traum erf\u00fcllt, einmal 5 Wochen alles hinter uns zu lassen. Das Natur- und Bergerlebnis dieser Zeit hat [&hellip;]<\/p>\n","protected":false},"author":1,"featured_media":0,"parent":0,"menu_order":7,"comment_status":"open","ping_status":"open","template":"","meta":{"footnotes":""},"class_list":["post-13","page","type-page","status-publish","hentry"],"_links":{"self":[{"href":"http:\/\/new.muenchenvenedig.de\/index.php?rest_route=\/wp\/v2\/pages\/13","targetHints":{"allow":["GET"]}}],"collection":[{"href":"http:\/\/new.muenchenvenedig.de\/index.php?rest_route=\/wp\/v2\/pages"}],"about":[{"href":"http:\/\/new.muenchenvenedig.de\/index.php?rest_route=\/wp\/v2\/types\/page"}],"author":[{"embeddable":true,"href":"http:\/\/new.muenchenvenedig.de\/index.php?rest_route=\/wp\/v2\/users\/1"}],"replies":[{"embeddable":true,"href":"http:\/\/new.muenchenvenedig.de\/index.php?rest_route=%2Fwp%2Fv2%2Fcomments&post=13"}],"version-history":[{"count":7,"href":"http:\/\/new.muenchenvenedig.de\/index.php?rest_route=\/wp\/v2\/pages\/13\/revisions"}],"predecessor-version":[{"id":801,"href":"http:\/\/new.muenchenvenedig.de\/index.php?rest_route=\/wp\/v2\/pages\/13\/revisions\/801"}],"wp:attachment":[{"href":"http:\/\/new.muenchenvenedig.de\/index.php?rest_route=%2Fwp%2Fv2%2Fmedia&parent=13"}],"curies":[{"name":"wp","href":"https:\/\/api.w.org\/{rel}","templated":true}]}}