{"id":241,"date":"2014-08-23T07:07:39","date_gmt":"2014-08-23T07:07:39","guid":{"rendered":"http:\/\/new.muenchenvenedig.de\/?page_id=241"},"modified":"2025-02-24T08:18:51","modified_gmt":"2025-02-24T08:18:51","slug":"tipps","status":"publish","type":"page","link":"http:\/\/new.muenchenvenedig.de\/?page_id=241","title":{"rendered":"Tipps"},"content":{"rendered":"<p>Was f\u00e4llt uns noch ein, das erw\u00e4hnenswert w\u00e4re? Oft sind es die kleinen Dinge, die einem das Leben leichter machen. Wir sammeln hier einfach alles auf, was an keiner anderen Stelle Platz gefunden hat oder was wir noch einmal zusammenfassend darstellen wollten.<\/p>\n<p><strong>Reisezeit<\/strong><\/p>\n<p>Die meisten Bergh\u00fctten sind in der Zeit von Mitte Juni bis Mitte September ge\u00f6ffnet. Das beschr\u00e4nkt die m\u00f6gliche Zeit. Aber auch Wetter und Schneebedingungen sollte man beachten. Eine \u00dcberschreitung der Birkkarspitze oder der Friesenbergscharte ist vor Mitte Juli meistens ein Problem. Die Touren werden durch Vereisung zum Teil sehr schwierig und die Gehzeiten k\u00f6nnen sich erheblich erh\u00f6hen. F\u00fcr eine Komplettbegehung kommt eine Start in den letzten beiden Juliwochen oder in den ersten beiden Augustwochen in Frage. Wer zu anderen Zeiten gehen will, sollte sich in den AV-H\u00fcttenf\u00fchrern \u00fcber die \u00d6ffungszeiten informieren und die entsprechenden H\u00fcttenwirte zur Sicherheit vorher anrufen.<\/p>\n<p><strong>Anreise und Start<\/strong><\/p>\n<p>Der Traumpfad beginnt bekanntlich am Marienplatz in M\u00fcnchen. Auch wenn es manche Unentwegte immer noch nicht glauben wollen, man kann dort, wie auch in der ganzen Innenstadt, nicht parken. Am Besten reist man mit der Bahn an. Der Hauptbahnhof ist 10 Minuten vom Marienplatz entfernt. Wer mit den Flieger kommt, kann mit der S8 oder S1 vom Flughafen direkt bis Marienplatz fahren.<\/p>\n<p><strong>R\u00fcckreise nach M\u00fcnchen<\/strong><\/p>\n<p>Von Venedig gibt es einen Nachtzug nach M\u00fcnchen (Liegewagen und Schlafwagen). Die Fahrtzeit ist etwa 9 1\/2 Stunden. Von Venedig kann man auch direkt nach M\u00fcnchen zur\u00fcckfliegen. Dolomiti Air fliegt die Strecke mehrmals t\u00e4glich. Eine Buchung ist \u00fcber Lufthansa m\u00f6glich.<\/p>\n<p><strong>Verkehrsverbindungen<\/strong><\/p>\n<p>Wer nicht die ganze Tour auf einmal gehen kann oder wegen schlechtem Wetter abbrechen muss, ist auf Verkehrsanbindungen angewiesen. Einfach ist die R\u00fcckreise mit dem Zug vom Inntal (2 Stunden) sowie von Vintl und Brixen (4 Stunden). Von den s\u00fcdlichen Dolomiten aus sind etwa 10 Stunden Bahnfahrt zu veranschlagen. Busse fahren in Stein und Alleghe. Genaue Buspl\u00e4ne l\u00e4dt man sich am besten aus dem Internet herunter. Entsprechende Links findet ihr auf unserer Linkseite.<\/p>\n<p><strong>Kleidung waschen lassen&#8230;<\/strong><\/p>\n<p>&#8230; ist leider fast nirgend gut m\u00f6glich. Gelegentlich kann man das Zimmerm\u00e4dchen \u00fcberreden, wenn man in einem Hotel schl\u00e4ft. Funktionsw\u00e4sche aus Kunstfaser kann man leicht im Waschbecken sauber bekommen.<\/p>\n<p><strong>M\u00fcnchen &#8211; Venedig mit Hund?<\/strong><\/p>\n<p>Ist leider nicht so einfach m\u00f6glich. In den H\u00fctten ist der Hund oft ein Problem. Von der Tour her kann ein mittelgro\u00dfer bergerfahrener Hund schon mitgehen. Einige Bergwanderer waren mit ihrem Vierbeiner erfolgreich und gl\u00fccklich unterwegs. <a href=\"http:\/\/533800.swh.strato-hosting.eu\/\/forum\/index.php\">Sucht am Besten die entsprechenden Artikel um Forum dazu<\/a>.<\/p>\n<p><strong>Zelten &#8230;<\/strong><\/p>\n<p>&#8230;. ist Geschmackssache, man hat die Freiheit auch bei geschlossenen oder vollen H\u00fctten \u00fcbernachten zu k\u00f6nnen, muss aber nat\u00fcrlich das Gep\u00e4ck tragen. Wildzelten ist fast \u00fcberall verboten und aus Naturschutzgr\u00fcnden nicht optimal. Wenn \u00fcberhaupt, sollte man H\u00fcttenwirt bzw. Grundst\u00fccksbesitzer fragen. Einige Wanderer waren mit Zelt unterwegs. <a href=\"http:\/\/www.muenchenvenedig.de\/forum\/index.php\">Auch dazu gibt es Beitr\u00e4ge im Forum.<\/a><\/p>\n<p><strong>Der Traumpfad von Venedig nach M\u00fcnchen &#8230;<\/strong><\/p>\n<p>&#8230; also in umgekehrte Richtung, ist grunds\u00e4tzlich machbar. Wir haben das selbst 2010 einmal probiert. Die Touren \u00fcber Belluno bis Alleghe und weiter zum Fedajasee sind umgekehrt nicht schwerer als in der Originalrichtung. \u00dcber die Sella ist es eventuell ratsam, bis zur Pisciad\u00f9 durchzugehen und nicht auf der Bo\u00e9h\u00fctte halt zu machen (16. Etappe). Der Abstieg zum Gr\u00f6dnerjoch ist ein Knieschnackler, deswegen an dem Tag besser in der Puezh\u00fctte bleiben (17. Etappe). Die n\u00e4chste Etappe dann wieder, wie im Buch beschrieben zur Schl\u00fcterh\u00fctte oder noch ein St\u00fcckchen weiter zum W\u00fcrzjoch. Von da ab wie im normalen Traumpfad weiter. Der Aufstieg von Pfunders auf das Gliderschartl (12. Etappe) ist hart, weil 1500 H\u00f6henmeter zu bew\u00e4ltigen sind. Eventuell rentiert es sich, am Vortag bis nach Dun weiterzugehen oder den Bus zu benutzen. Von Stein aus kann man normal zur Olpererh\u00fctte oder zum Friesenberghaus (11. Etappe). Etappe 10, 9 und 8 bis ins Inntal gehen wie im Buch beschrieben, eventuell ist der Abstecher auf den Glungezer mit \u00dcbernachtung auf der Glungezerh\u00fctte reizvoll. Auch der Aufstieg auf\u2019s Hallerangerhaus von S\u00fcden her ist machbar. Die Tour Hallerangerhaus zum Karwendelhaus ist eine harte Nuss, aber nicht dramatisch schwerer als in die \u201crichtige\u201d Richtung. Alle anderen Touren gehen auch wieder r\u00fcckw\u00e4rts wie vorw\u00e4rts.<\/p>\n<p><strong>Schlangen<\/strong><\/p>\n<p>In den s\u00fcdlichen Dolomiten gibt es giftige Schlangenarten. Besondere Ma\u00dfnahmen (Schlangenserum etc.) sind unserer Meinung nach nicht erforderlich. Die Tiere fliehen vor Menschen. Man sollte nicht barfuss durch&#8217;s hohe Gras marschieren und ansonsten alle Wildtiere die man sieht in Ruhe lassen (nicht nur die Schlangen).<\/p>\n","protected":false},"excerpt":{"rendered":"<p>Was f\u00e4llt uns noch ein, das erw\u00e4hnenswert w\u00e4re? Oft sind es die kleinen Dinge, die einem das Leben leichter machen. Wir sammeln hier einfach alles auf, was an keiner anderen Stelle Platz gefunden hat oder was wir noch einmal zusammenfassend darstellen wollten. Reisezeit Die meisten Bergh\u00fctten sind in der Zeit von Mitte Juni bis Mitte [&hellip;]<\/p>\n","protected":false},"author":1,"featured_media":0,"parent":9,"menu_order":5,"comment_status":"open","ping_status":"open","template":"","meta":{"footnotes":""},"class_list":["post-241","page","type-page","status-publish","hentry"],"_links":{"self":[{"href":"http:\/\/new.muenchenvenedig.de\/index.php?rest_route=\/wp\/v2\/pages\/241","targetHints":{"allow":["GET"]}}],"collection":[{"href":"http:\/\/new.muenchenvenedig.de\/index.php?rest_route=\/wp\/v2\/pages"}],"about":[{"href":"http:\/\/new.muenchenvenedig.de\/index.php?rest_route=\/wp\/v2\/types\/page"}],"author":[{"embeddable":true,"href":"http:\/\/new.muenchenvenedig.de\/index.php?rest_route=\/wp\/v2\/users\/1"}],"replies":[{"embeddable":true,"href":"http:\/\/new.muenchenvenedig.de\/index.php?rest_route=%2Fwp%2Fv2%2Fcomments&post=241"}],"version-history":[{"count":5,"href":"http:\/\/new.muenchenvenedig.de\/index.php?rest_route=\/wp\/v2\/pages\/241\/revisions"}],"predecessor-version":[{"id":813,"href":"http:\/\/new.muenchenvenedig.de\/index.php?rest_route=\/wp\/v2\/pages\/241\/revisions\/813"}],"up":[{"embeddable":true,"href":"http:\/\/new.muenchenvenedig.de\/index.php?rest_route=\/wp\/v2\/pages\/9"}],"wp:attachment":[{"href":"http:\/\/new.muenchenvenedig.de\/index.php?rest_route=%2Fwp%2Fv2%2Fmedia&parent=241"}],"curies":[{"name":"wp","href":"https:\/\/api.w.org\/{rel}","templated":true}]}}