{"id":314,"date":"2014-08-23T22:23:10","date_gmt":"2014-08-23T22:23:10","guid":{"rendered":"http:\/\/new.muenchenvenedig.de\/?page_id=314"},"modified":"2025-02-23T17:49:14","modified_gmt":"2025-02-23T17:49:14","slug":"berichte","status":"publish","type":"page","link":"http:\/\/new.muenchenvenedig.de\/?page_id=314","title":{"rendered":"M\u00fcnchen-Prag"},"content":{"rendered":"<div id=\"attachment_383\" style=\"width: 225px\" class=\"wp-caption alignleft\"><a href=\"http:\/\/new.muenchenvenedig.de\/wp-content\/uploads\/2014\/08\/prag-cover-gerade.jpg\"><img loading=\"lazy\" decoding=\"async\" aria-describedby=\"caption-attachment-383\" class=\"size-medium wp-image-383\" src=\"http:\/\/new.muenchenvenedig.de\/wp-content\/uploads\/2014\/08\/prag-cover-gerade-215x300.jpg\" alt=\"Das Titelbild zu M\u00fcnchen-Prag.\" width=\"215\" height=\"300\" srcset=\"http:\/\/new.muenchenvenedig.de\/wp-content\/uploads\/2014\/08\/prag-cover-gerade-215x300.jpg 215w, http:\/\/new.muenchenvenedig.de\/wp-content\/uploads\/2014\/08\/prag-cover-gerade.jpg 385w\" sizes=\"auto, (max-width: 215px) 100vw, 215px\" \/><\/a><p id=\"caption-attachment-383\" class=\"wp-caption-text\">Das Titelbild zu M\u00fcnchen-Prag.<\/p><\/div>\n<p>Im Jahr 1994 &#8211; also nur kurze Zeit nach der Grenz\u00f6ffung der osteurop\u00e4ischen L\u00e4nder &#8211; erschien Ludwig Gra\u00dflers Buch \u201cVon M\u00fcnchen nach Prag\u201d. Die darin beschriebene kombinierte Rad- und Fu\u00dfwanderung entlang der Isar, durch Bayrischen und B\u00f6hmer Wald und dann entlang der Moldau ist ein besonderes Erlebnis. Weitgehend unber\u00fchrte Natur und bedeutende Kulturdenkm\u00e4ler wechseln sich ab. Und der Wanderer findet etwas, das er auf den ausgetretenen Touristenpfaden schon lange nicht mehr findet: Ruhe und Einsamkeit.<\/p>\n<p>Leider geriet dieser sch\u00f6ne Weg komplett in Vergessenheit. Ludwig Gra\u00dflers Buch wurde vom Verlag nicht mehr neu aufgelegt und ist deswegen im Buchhandel nicht mehr verf\u00fcgbar.<\/p>\n<p>&nbsp;<\/p>\n<div id=\"attachment_385\" style=\"width: 176px\" class=\"wp-caption alignleft\"><a href=\"http:\/\/new.muenchenvenedig.de\/wp-content\/uploads\/2014\/08\/TraumpfadPrag-klein.jpg\"><img loading=\"lazy\" decoding=\"async\" aria-describedby=\"caption-attachment-385\" class=\"size-full wp-image-385\" src=\"http:\/\/new.muenchenvenedig.de\/wp-content\/uploads\/2014\/08\/TraumpfadPrag-klein.jpg\" alt=\"Der vergriffene Wanderf\u00fchrer M\u00fcnchen Prag.\" width=\"166\" height=\"258\" \/><\/a><p id=\"caption-attachment-385\" class=\"wp-caption-text\">Der vergriffene Wanderf\u00fchrer M\u00fcnchen Prag.<\/p><\/div>\n<p>Von Ludwig Gra\u00dfler selbst erschien im Bruckmann Verlang ein noch Wanderf\u00fchrer in der Reihe \u201cWandern Kompakt\u201d.<br \/>\nDazu ist er die Route im Jahr 2005 und 2006 noch einmal komplett gegangen. Leider wurde dieses Buch ebenfalls nicht mehr neu aufgelegt. Die Nachfrage war zu gering. Einige B\u00fccher hat Ludwig noch. Interessierte k\u00f6nnen sich an ihn wenden.<\/p>\n<p>Im Jahr 2003 hat das Ehepaar Birkle den Weg nach Prag begangen und aufgeschrieben. Der Tourenbericht der Birkles haben wir hier noch zum Download: <a href=\"http:\/\/new.muenchenvenedig.de\/wp-content\/uploads\/2014\/08\/Muenchen_Prag_Birkle_2003.pdf\">Muenchen_Prag_Birkle_2003<\/a>. Die Reisedaten sind sicher nicht mehr aktuell, aber man kann sich einen guten Eindruck von der Tour verschaffen.<\/p>\n<p>&nbsp;<\/p>\n<p>Einen \u00dcberblick \u00fcber den Wege bekommt man auch \u00fcber die beiden Kartenausschnitte, die wir aus dem Orginalbuch eingescannt haben:<\/p>\n<div id=\"attachment_394\" style=\"width: 310px\" class=\"wp-caption alignnone\"><a href=\"http:\/\/new.muenchenvenedig.de\/wp-content\/uploads\/2014\/08\/prag-weguebersicht-korrektur1.jpg\"><img loading=\"lazy\" decoding=\"async\" aria-describedby=\"caption-attachment-394\" class=\"size-medium wp-image-394\" src=\"http:\/\/new.muenchenvenedig.de\/wp-content\/uploads\/2014\/08\/prag-weguebersicht-korrektur1-300x219.jpg\" alt=\"Erstes Wegst\u00fcck M\u00fcnchen-Bayrischer Wald.\" width=\"300\" height=\"219\" srcset=\"http:\/\/new.muenchenvenedig.de\/wp-content\/uploads\/2014\/08\/prag-weguebersicht-korrektur1-300x219.jpg 300w, http:\/\/new.muenchenvenedig.de\/wp-content\/uploads\/2014\/08\/prag-weguebersicht-korrektur1-1024x750.jpg 1024w, http:\/\/new.muenchenvenedig.de\/wp-content\/uploads\/2014\/08\/prag-weguebersicht-korrektur1-624x457.jpg 624w\" sizes=\"auto, (max-width: 300px) 100vw, 300px\" \/><\/a><p id=\"caption-attachment-394\" class=\"wp-caption-text\">Erstes Wegst\u00fcck M\u00fcnchen-Bayrischer Wald.<\/p><\/div>\n<div id=\"attachment_395\" style=\"width: 193px\" class=\"wp-caption alignnone\"><a href=\"http:\/\/new.muenchenvenedig.de\/wp-content\/uploads\/2014\/08\/prag-weguebersicht2-korrektur1.jpg\"><img loading=\"lazy\" decoding=\"async\" aria-describedby=\"caption-attachment-395\" class=\"size-medium wp-image-395\" src=\"http:\/\/new.muenchenvenedig.de\/wp-content\/uploads\/2014\/08\/prag-weguebersicht2-korrektur1-183x300.jpg\" alt=\"Zweites Wegst\u00fcck: vom Bayrischen Wald nach Prag.\" width=\"183\" height=\"300\" srcset=\"http:\/\/new.muenchenvenedig.de\/wp-content\/uploads\/2014\/08\/prag-weguebersicht2-korrektur1-183x300.jpg 183w, http:\/\/new.muenchenvenedig.de\/wp-content\/uploads\/2014\/08\/prag-weguebersicht2-korrektur1-624x1022.jpg 624w, http:\/\/new.muenchenvenedig.de\/wp-content\/uploads\/2014\/08\/prag-weguebersicht2-korrektur1.jpg 1615w\" sizes=\"auto, (max-width: 183px) 100vw, 183px\" \/><\/a><p id=\"caption-attachment-395\" class=\"wp-caption-text\">Zweites Wegst\u00fcck: vom Bayrischen Wald nach Prag.<\/p><\/div>\n<p>Das einzige heute verf\u00fcgbare Buch ist der Roman von Burkhard Wittek, der die Route als fiktiven Erlebnisbericht beschreibt.<\/p>\n<div id=\"attachment_390\" style=\"width: 208px\" class=\"wp-caption alignnone\"><img loading=\"lazy\" decoding=\"async\" aria-describedby=\"caption-attachment-390\" class=\"size-medium wp-image-390\" src=\"http:\/\/new.muenchenvenedig.de\/wp-content\/uploads\/2014\/08\/CoverMucPra-198x300.jpg\" alt=\"Roman von Burkhard Wittek\" width=\"198\" height=\"300\" srcset=\"http:\/\/new.muenchenvenedig.de\/wp-content\/uploads\/2014\/08\/CoverMucPra-198x300.jpg 198w, http:\/\/new.muenchenvenedig.de\/wp-content\/uploads\/2014\/08\/CoverMucPra.jpg 428w\" sizes=\"auto, (max-width: 198px) 100vw, 198px\" \/><p id=\"caption-attachment-390\" class=\"wp-caption-text\">Roman von Burkhard Wittek<\/p><\/div>\n","protected":false},"excerpt":{"rendered":"<p>Im Jahr 1994 &#8211; also nur kurze Zeit nach der Grenz\u00f6ffung der osteurop\u00e4ischen L\u00e4nder &#8211; erschien Ludwig Gra\u00dflers Buch \u201cVon M\u00fcnchen nach Prag\u201d. Die darin beschriebene kombinierte Rad- und Fu\u00dfwanderung entlang der Isar, durch Bayrischen und B\u00f6hmer Wald und dann entlang der Moldau ist ein besonderes Erlebnis. Weitgehend unber\u00fchrte Natur und bedeutende Kulturdenkm\u00e4ler wechseln sich [&hellip;]<\/p>\n","protected":false},"author":1,"featured_media":0,"parent":89,"menu_order":2,"comment_status":"open","ping_status":"open","template":"","meta":{"footnotes":""},"class_list":["post-314","page","type-page","status-publish","hentry"],"_links":{"self":[{"href":"http:\/\/new.muenchenvenedig.de\/index.php?rest_route=\/wp\/v2\/pages\/314","targetHints":{"allow":["GET"]}}],"collection":[{"href":"http:\/\/new.muenchenvenedig.de\/index.php?rest_route=\/wp\/v2\/pages"}],"about":[{"href":"http:\/\/new.muenchenvenedig.de\/index.php?rest_route=\/wp\/v2\/types\/page"}],"author":[{"embeddable":true,"href":"http:\/\/new.muenchenvenedig.de\/index.php?rest_route=\/wp\/v2\/users\/1"}],"replies":[{"embeddable":true,"href":"http:\/\/new.muenchenvenedig.de\/index.php?rest_route=%2Fwp%2Fv2%2Fcomments&post=314"}],"version-history":[{"count":13,"href":"http:\/\/new.muenchenvenedig.de\/index.php?rest_route=\/wp\/v2\/pages\/314\/revisions"}],"predecessor-version":[{"id":810,"href":"http:\/\/new.muenchenvenedig.de\/index.php?rest_route=\/wp\/v2\/pages\/314\/revisions\/810"}],"up":[{"embeddable":true,"href":"http:\/\/new.muenchenvenedig.de\/index.php?rest_route=\/wp\/v2\/pages\/89"}],"wp:attachment":[{"href":"http:\/\/new.muenchenvenedig.de\/index.php?rest_route=%2Fwp%2Fv2%2Fmedia&parent=314"}],"curies":[{"name":"wp","href":"https:\/\/api.w.org\/{rel}","templated":true}]}}