{"id":5,"date":"2014-08-22T18:17:58","date_gmt":"2014-08-22T18:17:58","guid":{"rendered":"http:\/\/new.muenchenvenedig.de\/?page_id=5"},"modified":"2014-08-22T23:32:40","modified_gmt":"2014-08-22T23:32:40","slug":"route","status":"publish","type":"page","link":"http:\/\/new.muenchenvenedig.de\/?page_id=5","title":{"rendered":"Route"},"content":{"rendered":"<p><strong>Der Traumpfad, eine \u00dcbersicht<\/strong><\/p>\n<p>Viele Wege f\u00fchren \u00fcber die Alpen. Neben den europ\u00e4ischen Fernwanderwegen gibt es vor allem auch die klassischen Alpenp\u00e4sse wie den Brenner, \u00fcber die schon seit Jahrhunderten die Menschen das Gebirge durchquert haben. Was ist als das Besondere am Traumpfad, wie in Ludwig Gra\u00dfler das erste Mal in seinem Buch \u201cZu Fuss \u00fcber die Alpen\u201d beschrieben hat? Was macht seinen Reiz aus? Die Antwort ist einfach: er f\u00fchrt an vielen der landschaftlich sch\u00f6nsten Stellen der Ostalpen vorbei, vermeidet weitegehend die allzu verschandelten Stellen der Alpen und bringt einen trotzdem in relativ kurzer Zeit (28 Wandertage) \u00fcber die von M\u00fcnchen an die Adria. <\/p>\n<p>Eine vollst\u00e4ndige Beschreibung des Traumpfads ist hier nicht m\u00f6glich. Wir haben versucht, in unserem Buch die Tour so zu dokumentieren, dass sie von einem bergerfahrenen Wanderer begangen werden kann. Auf dieser Seite wollen wir lediglich eine \u00dcbersicht \u00fcber die Tour geben und da wo es n\u00f6tig ist, auf einige Besonderheiten eingehen.<br \/>\n<a href=\"http:\/\/new.muenchenvenedig.de\/wp-content\/uploads\/2014\/08\/Toureninfo_MuenchenVenedig.de_1.pdf\">Die Toureninfo mit Quartieren, Karten, Packliste und Eckdaten k\u00f6nnt ihr frei herunterladen. <\/a><br \/>\n(GPS-Daten bitte bei den einzelnen Touren nachsehen, folgt dem Link \u201cWeiter Einzelheiten\u201d)<\/p>\n<p>Informationen \u00fcber die Karten findet ihr auf unserer Kartenseite. Hier haben wir auch die kompletten GPS-Tracks als Zip-File abgelegt. F\u00fcr Benutzer von Garmin-GPS-Ger\u00e4ten liegen dort auch die OpenStreetmap-Karten f\u00fcr den Traumpfad. Diese Karten sind zwar im Gebirge zu grob, aber zur \u00dcbersicht und zum Wandern in der Ebene ausreichend. F\u00fcr die Touren in der Ebene in Italien haben wir freie Karten zum Download erstellt, weil es hier wenig gute Karten gibt.<\/p>\n<p><strong>Das Voralpenland<\/strong><\/p>\n<p><a href=\"http:\/\/new.muenchenvenedig.de\/?page_id=69\"><img loading=\"lazy\" decoding=\"async\" src=\"http:\/\/new.muenchenvenedig.de\/wp-content\/uploads\/2014\/08\/voralpenland.png\" alt=\"Voralpenland\" width=\"227\" height=\"410\" class=\"alignnone size-full wp-image-60\" srcset=\"http:\/\/new.muenchenvenedig.de\/wp-content\/uploads\/2014\/08\/voralpenland.png 227w, http:\/\/new.muenchenvenedig.de\/wp-content\/uploads\/2014\/08\/voralpenland-166x300.png 166w\" sizes=\"auto, (max-width: 227px) 100vw, 227px\" \/><\/a><\/p>\n<p>Der erste Teil der Venedigwanderung f\u00fchrt uns vier Tage durch das Voralpenland mit seinen Wiesen, Flusst\u00e4lern, und H\u00fcgeln bis zum Karwendel. Mit der Benediktenwand besteigt man bereits den ersten Alpengipfel. Von dort hat man eine herrliche Aussicht zum Karwendelgebirge, durch das der n\u00e4chste Wegabschnitt f\u00fchrt.Wer nur diesen ersten Wegteil gehen will, kann bis in die Jachenau wandern und von dort mit dem Bus zur\u00fcckfahren. Auch eine \u00dcbernachtung in diesem stillen Tal, durch das kein Durchgangsverkehr f\u00fchrt ist m\u00f6glich. F\u00fcr einen Ruhetag bietet sich in diesem Teilst\u00fcck der Kurort Bad T\u00f6lz an.<\/p>\n<p>[<a href=\"http:\/\/new.muenchenvenedig.de\/?page_id=69\" title=\"Voralpenland\">Weitere Einzelheiten<\/a>]<\/p>\n<p><strong>Durch das Karwendel<\/strong><\/p>\n<p><a href=\"http:\/\/new.muenchenvenedig.de\/?page_id=71\"><img loading=\"lazy\" decoding=\"async\" src=\"http:\/\/new.muenchenvenedig.de\/wp-content\/uploads\/2014\/08\/karwendel.png\" alt=\"Karwendel\" width=\"275\" height=\"435\" class=\"alignnone size-full wp-image-57\" srcset=\"http:\/\/new.muenchenvenedig.de\/wp-content\/uploads\/2014\/08\/karwendel.png 275w, http:\/\/new.muenchenvenedig.de\/wp-content\/uploads\/2014\/08\/karwendel-189x300.png 189w\" sizes=\"auto, (max-width: 275px) 100vw, 275px\" \/><\/a><\/p>\n<p>Die n\u00e4chsten Tage der M\u00fcnchen &#8211; Venedig Wanderung stehen im Zeichen der ersten Hochgebirgs\u00fcberschreitung. Die Birkkarspitze, der h\u00f6chste Gipfel des Karwendel, wartet auf uns. Das Karwendel ist die geographische und politische Grenze zwischen dem bayrischen Voralpenland und dem Inntal, dass die Lebensader Nordtirols ist. Im Karwendel heisst es auch Abschied zu nehmen von der Isar. Sie entspringt ganz in der N\u00e4he des Hallerangerhauses. Zwei Varianten bieten sich am Abschluss dieses Wegteils: entweder geht er nach Hall, von wo man mit der Seilbahn am n\u00e4chsten Tag in die Tuxer Voralpen fahren und sich so einen m\u00fchevollen Aufstieg sparen kann.<br \/>\nOder er wandert nach Wattens, von wo man \u00fcber versteckte Wege das Wattental entlang zur Lizumer H\u00fctte gelangt. Beides hat seinen Reiz.<\/p>\n<p>[<a href=\"http:\/\/new.muenchenvenedig.de\/?page_id=71\" title=\"Karwendel\">Weitere Einzelheiten<\/a>]<\/p>\n<p><strong>Zentralalpen<\/strong><\/p>\n<p><a href=\"http:\/\/new.muenchenvenedig.de\/?page_id=82\"><img loading=\"lazy\" decoding=\"async\" src=\"http:\/\/new.muenchenvenedig.de\/wp-content\/uploads\/2014\/08\/zentralalpen.png\" alt=\"Zentralalpen\" width=\"279\" height=\"522\" class=\"alignnone size-full wp-image-61\" srcset=\"http:\/\/new.muenchenvenedig.de\/wp-content\/uploads\/2014\/08\/zentralalpen.png 279w, http:\/\/new.muenchenvenedig.de\/wp-content\/uploads\/2014\/08\/zentralalpen-160x300.png 160w\" sizes=\"auto, (max-width: 279px) 100vw, 279px\" \/><\/a><\/p>\n<p>Aus dem nur 500m hoch gelegenen Inntal steigt man in den n\u00e4chsten Tagen hinauf zur Friesenbergscharte, mit fast 3000m der h\u00f6chste Punkt des Traumpfads. Trotz der gro\u00dfen H\u00f6he ist aber keine Gletscher- ausr\u00fcstung und auch keine Eiserfahrung n\u00f6tig. Die Eisfl\u00e4chen des Tuxer Gletscher und des Olperer Massivs umgeht man bei dieser Tour. Nach einer \u00dcbernachtung in der Dominikush\u00fctte am Schlegeisstausee oder der Olpererh\u00fctte \u00fcberschreitet man die Staatsgrenze nach Italien. Fr\u00fcher war diese Grenze gut bewacht, am Pfitscherjoch stand sogar ein Grenzhaus. In den Zeiten des Schengener Abkommens und des Euros bemerkt man aber nur noch an den Stra\u00dfenschildern, dass man \u00d6sterreich verlassen hat. Ein besonderes Schmankerl auf diesem Teilst\u00fcck ist der Weg von Stein \u00fcber das Gliderschartl ins Pfunderer Tal. Diese landschaftlich sch\u00f6ne Pfad wurde fr\u00fcher nur von Schmugglern und Almbauern begangen. Er wurde in den letzten Jahren sorgf\u00e4ltig hergerichtet und markiert. Am Ende dieser Tour steht eine \u00dcbernachtung in Pfunders. Im Ort Niedervintl gibt es eine gute Verkehrsverbindung. Die Tour kann hier unterbrochen werden.<\/p>\n<p>[<a href=\"http:\/\/new.muenchenvenedig.de\/?page_id=82\" title=\"Zentralalpen\">Weitere Einzelheiten<\/a>]<\/p>\n<p><strong>N\u00f6rdliche Dolomiten<\/strong><\/p>\n<p><a href=\"http:\/\/new.muenchenvenedig.de\/?page_id=73\"><img loading=\"lazy\" decoding=\"async\" src=\"http:\/\/new.muenchenvenedig.de\/wp-content\/uploads\/2014\/08\/norddolomiten.png\" alt=\"Norddolomiten\" width=\"359\" height=\"532\" class=\"alignnone size-full wp-image-58\" srcset=\"http:\/\/new.muenchenvenedig.de\/wp-content\/uploads\/2014\/08\/norddolomiten.png 359w, http:\/\/new.muenchenvenedig.de\/wp-content\/uploads\/2014\/08\/norddolomiten-202x300.png 202w\" sizes=\"auto, (max-width: 359px) 100vw, 359px\" \/><\/a><\/p>\n<p>Die Dolomiten sind eine der sch\u00f6nsten Landschaften Europas. Einige ihrer bekanntesten Gebirgsz\u00fcge durchwandern wir auf diesem Teilst\u00fcck. Nach dem L\u00fcsener Wald bzw. der L\u00fcsener Alm passieren wir den Peitlerkofel, durchqueren die Puezgruppe und kommen so bis zum Gr\u00f6dner Joch. Hier streifen wir den ladinischen Sprachraum der Alpen. Das Gebirgsmassiv der Sella liegt vor uns.<br \/>\nNach einer \u00dcbernachtung auf der Bo\u00e9h\u00fctte erreichen wir am Pordoijoch eine \u201cSprachgrenze\u201d, deutschsprachige Wanderer werden rarer, italienische Touristen und Ausfl\u00fcgler h\u00e4ufiger. Auf dem Bindelweg bietet sich eine herrliche Aussicht zur Marmolada. Nach einer Nacht am Fedajasee steigen wir hinab zum Alleghesee, einen von hohen Bergen umschlossenen Bergsee.<\/p>\n<p>[<a href=\"http:\/\/new.muenchenvenedig.de\/?page_id=73\" title=\"Norddolomiten\">Weitere Einzelheiten<\/a>]<\/p>\n<p><strong>S\u00fcdliche Dolomiten<\/strong><\/p>\n<p><a href=\"http:\/\/new.muenchenvenedig.de\/?page_id=77\"><img loading=\"lazy\" decoding=\"async\" src=\"http:\/\/new.muenchenvenedig.de\/wp-content\/uploads\/2014\/08\/sueddolomiten.png\" alt=\"S\u00fcddolomiten\" width=\"296\" height=\"360\" class=\"alignnone size-full wp-image-59\" srcset=\"http:\/\/new.muenchenvenedig.de\/wp-content\/uploads\/2014\/08\/sueddolomiten.png 296w, http:\/\/new.muenchenvenedig.de\/wp-content\/uploads\/2014\/08\/sueddolomiten-246x300.png 246w\" sizes=\"auto, (max-width: 296px) 100vw, 296px\" \/><\/a><\/p>\n<p>Die s\u00fcdlichen Dolomiten, durch die wir ab Alleghe wandern, sind im deutschen Sprachraum wenig bekannt. Zu Unrecht, den sie sind landschaftlich eines der \u201cHighlights\u201d der ganzen Venedigwanderung. Die Felsmassive der Civetta, an denen der Weg zun\u00e4chst vorbeif\u00fchrt, sind ein Klettererparadies. Hinter dem Passo Duran beginnt der Nationalpark der s\u00fcdlichen Dolomiten. Unber\u00fchrte Berglandschaft wartet hier auf uns. Klettersteiggeher \u00fcberschreiten die Schiara, um nach Belluno zu kommen, w\u00e4hrend die Bergwanderer und die, die nicht die n\u00f6tige Ausr\u00fcstung dabei haben, \u00fcber das Rif. Bianchet und mit dem Bus ans Ziel kommen.<\/p>\n<p>[<a href=\"http:\/\/new.muenchenvenedig.de\/?page_id=77\" title=\"S\u00fcddolomiten\">Weitere Einzelheiten<\/a>]<\/p>\n<p><strong>Italienisches Voralpenland und Piave-Ebene<\/strong><\/p>\n<p><a href=\"http:\/\/new.muenchenvenedig.de\/?page_id=79\"><img loading=\"lazy\" decoding=\"async\" src=\"http:\/\/new.muenchenvenedig.de\/wp-content\/uploads\/2014\/08\/ebene.png\" alt=\"Piaveebene\" width=\"348\" height=\"499\" class=\"alignnone size-full wp-image-56\" srcset=\"http:\/\/new.muenchenvenedig.de\/wp-content\/uploads\/2014\/08\/ebene.png 348w, http:\/\/new.muenchenvenedig.de\/wp-content\/uploads\/2014\/08\/ebene-209x300.png 209w\" sizes=\"auto, (max-width: 348px) 100vw, 348px\" \/><\/a><\/p>\n<p>Das Veneto ist eine Landschaft in der Sch\u00f6nes und H\u00e4\u00dfliches oft nah beeinander liegen. Die Sch\u00f6nheiten des  Nevegal und des H\u00fcgellands s\u00fcdlich von Revine sind ein Gesicht dieser Provinz, ein anderes ist die Zersiedelung der Piave-Ebene mit ihren Stra\u00dfen und ihrer intensiven Landwirtschaft. Der Venedigwanderer muss hier Kompromisse machen. Wanderwege abseits der Strassen und Siedlungen sind nicht immer zu finden. Trotzdem ist der Weg zu Fuss bis zum Meer ein lohnendes Unterfangen. Die Str\u00e4nde der Adria und die frische Brise von der See entsch\u00e4digen einen umso mehr zur jeden Kilometer, den man gelaufen ist.<\/p>\n<p>[<a href=\"http:\/\/new.muenchenvenedig.de\/?page_id=79\" title=\"Piave\">Weitere Einzelheiten<\/a>]<\/p>\n","protected":false},"excerpt":{"rendered":"<p>Der Traumpfad, eine \u00dcbersicht Viele Wege f\u00fchren \u00fcber die Alpen. Neben den europ\u00e4ischen Fernwanderwegen gibt es vor allem auch die klassischen Alpenp\u00e4sse wie den Brenner, \u00fcber die schon seit Jahrhunderten die Menschen das Gebirge durchquert haben. Was ist als das Besondere am Traumpfad, wie in Ludwig Gra\u00dfler das erste Mal in seinem Buch \u201cZu Fuss [&hellip;]<\/p>\n","protected":false},"author":1,"featured_media":0,"parent":0,"menu_order":1,"comment_status":"open","ping_status":"open","template":"","meta":{"footnotes":""},"class_list":["post-5","page","type-page","status-publish","hentry"],"_links":{"self":[{"href":"http:\/\/new.muenchenvenedig.de\/index.php?rest_route=\/wp\/v2\/pages\/5","targetHints":{"allow":["GET"]}}],"collection":[{"href":"http:\/\/new.muenchenvenedig.de\/index.php?rest_route=\/wp\/v2\/pages"}],"about":[{"href":"http:\/\/new.muenchenvenedig.de\/index.php?rest_route=\/wp\/v2\/types\/page"}],"author":[{"embeddable":true,"href":"http:\/\/new.muenchenvenedig.de\/index.php?rest_route=\/wp\/v2\/users\/1"}],"replies":[{"embeddable":true,"href":"http:\/\/new.muenchenvenedig.de\/index.php?rest_route=%2Fwp%2Fv2%2Fcomments&post=5"}],"version-history":[{"count":8,"href":"http:\/\/new.muenchenvenedig.de\/index.php?rest_route=\/wp\/v2\/pages\/5\/revisions"}],"predecessor-version":[{"id":215,"href":"http:\/\/new.muenchenvenedig.de\/index.php?rest_route=\/wp\/v2\/pages\/5\/revisions\/215"}],"wp:attachment":[{"href":"http:\/\/new.muenchenvenedig.de\/index.php?rest_route=%2Fwp%2Fv2%2Fmedia&parent=5"}],"curies":[{"name":"wp","href":"https:\/\/api.w.org\/{rel}","templated":true}]}}