{"id":71,"date":"2014-08-22T19:13:08","date_gmt":"2014-08-22T19:13:08","guid":{"rendered":"http:\/\/new.muenchenvenedig.de\/?page_id=71"},"modified":"2017-09-30T06:17:51","modified_gmt":"2017-09-30T06:17:51","slug":"karwendel","status":"publish","type":"page","link":"http:\/\/new.muenchenvenedig.de\/?page_id=71","title":{"rendered":"Karwendel"},"content":{"rendered":"<p><a href=\"http:\/\/new.muenchenvenedig.de\/wp-content\/uploads\/2014\/08\/karwendel.png\"><img loading=\"lazy\" decoding=\"async\" src=\"http:\/\/new.muenchenvenedig.de\/wp-content\/uploads\/2014\/08\/karwendel.png\" alt=\"Karwendel\" width=\"275\" height=\"435\" class=\"alignright size-full wp-image-57\" srcset=\"http:\/\/new.muenchenvenedig.de\/wp-content\/uploads\/2014\/08\/karwendel.png 275w, http:\/\/new.muenchenvenedig.de\/wp-content\/uploads\/2014\/08\/karwendel-189x300.png 189w\" sizes=\"auto, (max-width: 275px) 100vw, 275px\" \/><\/a><\/p>\n<p>Die n\u00e4chsten Tage der M\u00fcnchen &#8211; Venedig Wanderung stehen im Zeichen der ersten Hochgebirgs\u00fcberschreitung. Durch das Ri\u00dftal und den Ahornboden erreichen wir das Karwendelhaus. Die Birkkarspitze, der h\u00f6chste Gipfel des Karwendel, wartet auf uns. Das Karwendel ist die geographische und politische Grenze zwischen dem bayrischen Voralpenland und dem Inntal, dass die Lebensader Nordtirols ist. Im Karwendel heisst es auch Abschied zu nehmen von der Isar. Sie entspringt ganz in der N\u00e4he des Hallerangerhauses. Zwei Varianten bieten sich am Abschlu\u00df dieses Wegteils: entweder geht er nach Hall, von wo man mit der Seilbahn am n\u00e4chsten Tag in die Tuxer Voralpen fahren und sich so einen m\u00fchevollen Aufstieg sparen kann. Oder er wandert nach Wattens, von wo man \u00fcber versteckte Wege das Wattental entlang zur Lizumer H\u00fctte gelangt. Beides hat seinen Reiz.<\/p>\n<p><strong>5. Etappe: Vorderri\u00df &#8211; Karwendelhaus<\/strong><\/p>\n<div id=\"attachment_130\" style=\"width: 250px\" class=\"wp-caption alignright\"><a href=\"http:\/\/new.muenchenvenedig.de\/wp-content\/uploads\/2014\/08\/webpic3-02.jpg\"><img loading=\"lazy\" decoding=\"async\" aria-describedby=\"caption-attachment-130\" src=\"http:\/\/new.muenchenvenedig.de\/wp-content\/uploads\/2014\/08\/webpic3-02.jpg\" alt=\"Herman v. Barth Denkmal am kleinen Ahornboden.\" width=\"240\" height=\"320\" class=\"size-full wp-image-130\" srcset=\"http:\/\/new.muenchenvenedig.de\/wp-content\/uploads\/2014\/08\/webpic3-02.jpg 240w, http:\/\/new.muenchenvenedig.de\/wp-content\/uploads\/2014\/08\/webpic3-02-225x300.jpg 225w\" sizes=\"auto, (max-width: 240px) 100vw, 240px\" \/><\/a><p id=\"caption-attachment-130\" class=\"wp-caption-text\">Herman v. Barth Denkmal am kleinen Ahornboden.<\/p><\/div>\n<p><em>Ausgangspunkt:<\/em> Vorderri\u00df<br \/>\n<em>Tourenverlauf:<\/em> Leichte aber lange Bergwanderung, zun\u00e4chst entlang des Ri\u00dftals (Stra\u00dfe), dann landschaftlich herrlich \u00fcber das Johannestal, den kleinen Ahornboden und den Hochalmsattel..<br \/>\n<em>Endpunkt:<\/em> Karwendelhaus<br \/>\n<em>Strecke, H\u00f6henunterschied und Gehzeit: <\/em>24 km, 1000m Aufstieg, 7 1\/2 Stunden<br \/>\n<em>Besonderheiten und Varianten:<\/em> Es gibt einen versteckten Weg aus dem Ri\u00dftal \u00fcber die Krinner-Kofler H\u00fctte und die B\u00e4rnalpl-Scharte.<br \/>\n<em>Verkehrsanbindung:<\/em> Bus in Vorderri\u00df<\/p>\n<p>Weitere Informationen im Internet:  [<a href=\"http:\/\/www.karwendelhaus.at\">www.karwendelhaus.at<\/a>] <\/p>\n<p><strong>6. Etappe: Karwendelhaus &#8211; Birkkarspitze &#8211; Halleranger<\/strong><\/p>\n<div id=\"attachment_132\" style=\"width: 330px\" class=\"wp-caption alignright\"><a href=\"http:\/\/new.muenchenvenedig.de\/wp-content\/uploads\/2014\/08\/webpic3-14.jpg\"><img loading=\"lazy\" decoding=\"async\" aria-describedby=\"caption-attachment-132\" src=\"http:\/\/new.muenchenvenedig.de\/wp-content\/uploads\/2014\/08\/webpic3-14.jpg\" alt=\"Karwendelhaus und Karwendeltal\" width=\"320\" height=\"214\" class=\"size-full wp-image-132\" srcset=\"http:\/\/new.muenchenvenedig.de\/wp-content\/uploads\/2014\/08\/webpic3-14.jpg 320w, http:\/\/new.muenchenvenedig.de\/wp-content\/uploads\/2014\/08\/webpic3-14-300x200.jpg 300w\" sizes=\"auto, (max-width: 320px) 100vw, 320px\" \/><\/a><p id=\"caption-attachment-132\" class=\"wp-caption-text\">Karwendelhaus und Karwendeltal<\/p><\/div>\n<p><em>Ausgangspunkt:<\/em> Karwendelhaus<br \/>\n<em>Tourenverlauf:<\/em> Anspruchsvolle Bergwanderung, die zun\u00e4chst von der H\u00fctte zum Schlauchkarsattel f\u00fchrt (Abstecher zum Gipfel, Biwakh\u00fctte). Danach Abstieg ins Hinterautal und neuerlicher Aufstieg zum Halleranger.<br \/>\n<em>Endpunkt: <\/em> Hallerangerhaus oder -alm<br \/>\n<em>Strecke, H\u00f6henunterschied und Gehzeit:<\/em> 14 km, 1500m Aufstieg, 1500m Abstieg, 8 Stunden<br \/>\n<em>Besonderheiten und Varianten:<\/em> Die Tour ist lang und f\u00fcr Unge\u00fcbte nicht zu empfehlen. Bei schlechtem Wetter nicht zu empfehlen. Umgehung \u00fcber Scharnitz m\u00f6glich.<\/p>\n<p>Weitere Informationen im Internet:  [<a href=\"http:\/\/www.halleranger-alm.at\">www.halleranger-alm.at<\/a>] [<a href=\"http:\/\/www.hallerangerhaus.at\">www.hallerangerhaus.at<\/a>] <\/p>\n<p><strong>7. Etappe: Halleranger &#8211; Wattens oder Hall in Tirol<\/strong><\/p>\n<div id=\"attachment_134\" style=\"width: 330px\" class=\"wp-caption alignright\"><a href=\"http:\/\/new.muenchenvenedig.de\/wp-content\/uploads\/2014\/08\/webpic3-60.jpg\"><img loading=\"lazy\" decoding=\"async\" aria-describedby=\"caption-attachment-134\" src=\"http:\/\/new.muenchenvenedig.de\/wp-content\/uploads\/2014\/08\/webpic3-60.jpg\" alt=\"Hallerangerhaus\" width=\"320\" height=\"220\" class=\"size-full wp-image-134\" srcset=\"http:\/\/new.muenchenvenedig.de\/wp-content\/uploads\/2014\/08\/webpic3-60.jpg 320w, http:\/\/new.muenchenvenedig.de\/wp-content\/uploads\/2014\/08\/webpic3-60-300x206.jpg 300w\" sizes=\"auto, (max-width: 320px) 100vw, 320px\" \/><\/a><p id=\"caption-attachment-134\" class=\"wp-caption-text\">Hallerangerhaus<\/p><\/div>\n<p><em>Ausgangspunkt:<\/em> Hallerangerhaus<br \/>\n<em>Tourenverlauf:<\/em> Von der H\u00fctte \u00fcbers Lafatscherjoch ins Isstal und weiter dem Halltal entlang. An der Bergkapelle links ab nach St. Martin und \u00fcbers Farbental (B\u00e4rnbach) nach Wattens.<br \/>\n<em>Endpunkt:<\/em> Wattens oder Hall<br \/>\n<em>Strecke, H\u00f6henunterschied und Gehzeit:<\/em> 18 km, 400m Aufstieg, 1600m Abstieg, 5 1\/2 Stunden<br \/>\n<em>Besonderheiten und Varianten:<\/em> Nach Hall an der Bergkapelle geradeaus. Weiterweg am n\u00e4chsten Tag \u00fcber Seilbahn, verschiedene Varianten m\u00f6glich, siehe n\u00e4chsten Abschnitt.<br \/>\n<em>Verkehrsanbindung:<\/em> Zug und Bus in Hall und Wattens<\/p>\n<p>Weitere Informationen im Internet:  [<a href=\"http:\/\/www.hall-wattens.at\/de\/wandern-alpentrekking.html\">www.hall-wattens.at\/de\/wandern-alpentrekking.html<\/a>]<\/p>\n<p>F\u00fcr weitere Infos zu Wanderungen im Karwendel rund um den Traumpfad empfehlen wir<br \/>\n<a href=\"https:\/\/www.karwendel-urlaub.de\/was-tun\/wandern\/huettenwanderung\/muenchen-venedig\/\">https:\/\/www.karwendel-urlaub.de\/was-tun\/wandern\/huettenwanderung\/muenchen-venedig\/<\/a><\/p>\n","protected":false},"excerpt":{"rendered":"<p>Die n\u00e4chsten Tage der M\u00fcnchen &#8211; Venedig Wanderung stehen im Zeichen der ersten Hochgebirgs\u00fcberschreitung. Durch das Ri\u00dftal und den Ahornboden erreichen wir das Karwendelhaus. Die Birkkarspitze, der h\u00f6chste Gipfel des Karwendel, wartet auf uns. Das Karwendel ist die geographische und politische Grenze zwischen dem bayrischen Voralpenland und dem Inntal, dass die Lebensader Nordtirols ist. Im [&hellip;]<\/p>\n","protected":false},"author":1,"featured_media":0,"parent":5,"menu_order":2,"comment_status":"open","ping_status":"open","template":"","meta":{"footnotes":""},"class_list":["post-71","page","type-page","status-publish","hentry"],"_links":{"self":[{"href":"http:\/\/new.muenchenvenedig.de\/index.php?rest_route=\/wp\/v2\/pages\/71","targetHints":{"allow":["GET"]}}],"collection":[{"href":"http:\/\/new.muenchenvenedig.de\/index.php?rest_route=\/wp\/v2\/pages"}],"about":[{"href":"http:\/\/new.muenchenvenedig.de\/index.php?rest_route=\/wp\/v2\/types\/page"}],"author":[{"embeddable":true,"href":"http:\/\/new.muenchenvenedig.de\/index.php?rest_route=\/wp\/v2\/users\/1"}],"replies":[{"embeddable":true,"href":"http:\/\/new.muenchenvenedig.de\/index.php?rest_route=%2Fwp%2Fv2%2Fcomments&post=71"}],"version-history":[{"count":7,"href":"http:\/\/new.muenchenvenedig.de\/index.php?rest_route=\/wp\/v2\/pages\/71\/revisions"}],"predecessor-version":[{"id":757,"href":"http:\/\/new.muenchenvenedig.de\/index.php?rest_route=\/wp\/v2\/pages\/71\/revisions\/757"}],"up":[{"embeddable":true,"href":"http:\/\/new.muenchenvenedig.de\/index.php?rest_route=\/wp\/v2\/pages\/5"}],"wp:attachment":[{"href":"http:\/\/new.muenchenvenedig.de\/index.php?rest_route=%2Fwp%2Fv2%2Fmedia&parent=71"}],"curies":[{"name":"wp","href":"https:\/\/api.w.org\/{rel}","templated":true}]}}