{"id":73,"date":"2014-08-22T19:13:44","date_gmt":"2014-08-22T19:13:44","guid":{"rendered":"http:\/\/new.muenchenvenedig.de\/?page_id=73"},"modified":"2017-09-30T07:16:03","modified_gmt":"2017-09-30T07:16:03","slug":"noerdl-dolomiten","status":"publish","type":"page","link":"http:\/\/new.muenchenvenedig.de\/?page_id=73","title":{"rendered":"Norddolomiten"},"content":{"rendered":"<p><a href=\"http:\/\/new.muenchenvenedig.de\/wp-content\/uploads\/2014\/08\/norddolomiten.png\"><img loading=\"lazy\" decoding=\"async\" src=\"http:\/\/new.muenchenvenedig.de\/wp-content\/uploads\/2014\/08\/norddolomiten.png\" alt=\"Norddolomiten\" width=\"359\" height=\"532\" class=\"alignright size-full wp-image-58\" srcset=\"http:\/\/new.muenchenvenedig.de\/wp-content\/uploads\/2014\/08\/norddolomiten.png 359w, http:\/\/new.muenchenvenedig.de\/wp-content\/uploads\/2014\/08\/norddolomiten-202x300.png 202w\" sizes=\"auto, (max-width: 359px) 100vw, 359px\" \/><\/a><\/p>\n<p>Die Dolomiten sind eine der sch\u00f6nsten Landschaften Europas. Einige ihrer bekanntesten Gebirgsz\u00fcge durchwandern wir auf diesem Teilst\u00fcck. Nach dem L\u00fcsener Wald bzw. der L\u00fcsener Alm passieren wir den Peitlerkofel, durchqueren die Puezgruppe und kommen so bis zum Gr\u00f6dner Joch. Hier streifen wir den ladinischen Sprachraum der Alpen. Das Gebirgsmassiv der Sella liegt vor uns. Nach einer \u00dcbernachtung auf der Bo\u00e9h\u00fctte erreichen wir am Pordoijoch eine \u201cSprachgrenze\u201d, deutschsprachige Wanderer werden rarer, italienische Touristen und Ausfl\u00fcgler h\u00e4ufiger. Auf dem Bindelweg bietet sich eine herrliche Aussicht zur Marmolada. Nach einer Nacht am Fedajasee steigen wir hinab zum Alleghesee, einen von hohen Bergen umschlossenen Bergsee.<\/p>\n<p><strong>13. Etappe: Pfunders &#8211; Niedervintl &#8211; L\u00fcsener Alm<\/strong><\/p>\n<div id=\"attachment_147\" style=\"width: 330px\" class=\"wp-caption alignright\"><a href=\"http:\/\/new.muenchenvenedig.de\/wp-content\/uploads\/2014\/08\/webpic7-002.jpg\"><img loading=\"lazy\" decoding=\"async\" aria-describedby=\"caption-attachment-147\" src=\"http:\/\/new.muenchenvenedig.de\/wp-content\/uploads\/2014\/08\/webpic7-002.jpg\" alt=\"Venedigwanderer beim Fr\u00fchst\u00fcck auf der Kreuzwiesenh\u00fctte\" width=\"320\" height=\"240\" class=\"size-full wp-image-147\" srcset=\"http:\/\/new.muenchenvenedig.de\/wp-content\/uploads\/2014\/08\/webpic7-002.jpg 320w, http:\/\/new.muenchenvenedig.de\/wp-content\/uploads\/2014\/08\/webpic7-002-300x225.jpg 300w\" sizes=\"auto, (max-width: 320px) 100vw, 320px\" \/><\/a><p id=\"caption-attachment-147\" class=\"wp-caption-text\">Venedigwanderer beim Fr\u00fchst\u00fcck auf der Kreuzwiesenh\u00fctte<\/p><\/div>\n<p><em>Ausgangspunkt:<\/em> Pfunders<br \/>\n<em>Tourenverlauf:<\/em> Nach einem Abstieg nach Niedervintl geht es hinauf in den L\u00fcsener Wald und zur Ronerh\u00fctte. Von dort \u00fcber die L\u00fcsener Alm zur Kreuzwiesenh\u00fctte.<br \/>\n<em>Endpunkt:<\/em> Kreuzwiesenh\u00fctte<br \/>\n<em>Strecke, H\u00f6henunterschied und Gehzeit:<\/em> 23 km, 1200m Aufstieg, 500m Aufstieg, 7 Stunden<br \/>\n<em>Besonderheiten und Varianten:<\/em> Alternativ ab Ronerh\u00fctte Abstieg nach L\u00fcsen und Weiterweg im Tal m\u00f6glich. Ab Niedervintl Bus nach Brixen (Ruhetag!) und von dort \u00fcber die Plose zur Schl\u00fcterh\u00fctte.<br \/>\n<em>Verkehrsanbindung:<\/em> Bus und Bahn in Niedervintl<\/p>\n<p>Weitere Informationen im Internet:  [<a href=\"http:\/\/www.kreuzwiesenalm.com\">www.kreuzwiesenalm.com (Kreuzwiesenh\u00fctte)<\/a>] [<a href=\"http:\/\/www.turnaretscherhuette.it\">www.turnaretscherhuette.it<\/a>]<\/p>\n<p><strong>14. Etappe: L\u00fcsener Alm &#8211; Schl\u00fcterh\u00fctte<\/strong><\/p>\n<div id=\"attachment_148\" style=\"width: 330px\" class=\"wp-caption alignright\"><a href=\"http:\/\/new.muenchenvenedig.de\/wp-content\/uploads\/2014\/08\/webpic7-027.jpg\"><img loading=\"lazy\" decoding=\"async\" aria-describedby=\"caption-attachment-148\" src=\"http:\/\/new.muenchenvenedig.de\/wp-content\/uploads\/2014\/08\/webpic7-027.jpg\" alt=\"Das Tor zu den Dolomiten: der Peitlerkofel\" width=\"320\" height=\"214\" class=\"size-full wp-image-148\" srcset=\"http:\/\/new.muenchenvenedig.de\/wp-content\/uploads\/2014\/08\/webpic7-027.jpg 320w, http:\/\/new.muenchenvenedig.de\/wp-content\/uploads\/2014\/08\/webpic7-027-300x200.jpg 300w\" sizes=\"auto, (max-width: 320px) 100vw, 320px\" \/><\/a><p id=\"caption-attachment-148\" class=\"wp-caption-text\">Das Tor zu den Dolomiten: der Peitlerkofel<\/p><\/div>\n<p><em>Ausgangspunkt:<\/em> Kreuzwiesenh\u00fctte<br \/>\n<em>Tourenverlauf:<\/em> Entlang des Bergkamms um das L\u00fcsener Tal nach S\u00fcden zum W\u00fcrzjoch und durch die Peitlerscharte zur Schl\u00fcterh\u00fctte.<br \/>\n<em>Endpunkt:<\/em> Schl\u00fcterh\u00fctte<br \/>\n<em>Strecke, H\u00f6henunterschied und Gehzeit:<\/em> 18km, 1000m Aufstieg, 600m Abstieg, 8 Stunden<br \/>\n<em>Besonderheiten und Varianten:<\/em> Aufstieg auch von Brixen m\u00f6glich (Bus, Plosebahn und Weiterweg zum W\u00fcrzjoch)<br \/>\n<em>Verkehrsanbindung:<\/em> Keine<\/p>\n<p><strong>15. Etappe: Schl\u00fcterh\u00fctte &#8211; Gr\u00f6dner Joch<\/strong><\/p>\n<div id=\"attachment_150\" style=\"width: 250px\" class=\"wp-caption alignright\"><a href=\"http:\/\/new.muenchenvenedig.de\/wp-content\/uploads\/2014\/08\/webpic7-067.jpg\"><img loading=\"lazy\" decoding=\"async\" aria-describedby=\"caption-attachment-150\" src=\"http:\/\/new.muenchenvenedig.de\/wp-content\/uploads\/2014\/08\/webpic7-067.jpg\" alt=\"Klettersteigpassage Sella Nivea\" width=\"240\" height=\"258\" class=\"size-full wp-image-150\" \/><\/a><p id=\"caption-attachment-150\" class=\"wp-caption-text\">Klettersteigpassage Sella Nivea<\/p><\/div>\n<p><em>Ausgangspunkt:<\/em> Schl\u00fcterh\u00fctte<br \/>\n<em>Tourenverlauf:<\/em> Die Tour der J\u00f6cher und Scharten: \u00fcbers Kreuzjoch und der Roascharte zur Puezh\u00fctte. Am Langental vorbei zum Cir Joch und hinab zum Gr\u00f6dner Joch.<br \/>\n<em>Endpunkt:<\/em> Gr\u00f6dner Joch<br \/>\n<em>Strecke, H\u00f6henunterschied und Gehzeit:<\/em> 19 km, 1000m Aufstieg, 1170m Abstieg, 7 Stunden<br \/>\n<em>Besonderheiten und Varianten:<\/em> Die \u00dcbernachtung am Gr\u00f6dner Joch ist teuer. Man kann zur Pisciad\u00f9h\u00fctte weitergehen und am n\u00e4chsten Tag bis zum Fedajasee (1 Tag Zeitersparnis).<br \/>\n<em>Verkehrsanbindung:<\/em> Bus am Gr\u00f6dner Joch<\/p>\n<p><strong>16. Etappe: Gr\u00f6dner Joch &#8211; Bo\u00e8h\u00fctte<\/strong><\/p>\n<div id=\"attachment_151\" style=\"width: 330px\" class=\"wp-caption alignright\"><a href=\"http:\/\/new.muenchenvenedig.de\/wp-content\/uploads\/2014\/08\/webpic7-087.jpg\"><img loading=\"lazy\" decoding=\"async\" aria-describedby=\"caption-attachment-151\" src=\"http:\/\/new.muenchenvenedig.de\/wp-content\/uploads\/2014\/08\/webpic7-087.jpg\" alt=\"Auf der Sella: Bo\u00e9h\u00fctte\" width=\"320\" height=\"240\" class=\"size-full wp-image-151\" srcset=\"http:\/\/new.muenchenvenedig.de\/wp-content\/uploads\/2014\/08\/webpic7-087.jpg 320w, http:\/\/new.muenchenvenedig.de\/wp-content\/uploads\/2014\/08\/webpic7-087-300x225.jpg 300w\" sizes=\"auto, (max-width: 320px) 100vw, 320px\" \/><\/a><p id=\"caption-attachment-151\" class=\"wp-caption-text\">Auf der Sella: Bo\u00e9h\u00fctte<\/p><\/div>\n<p><em>Ausgangspunkt:<\/em> Gr\u00f6dner Joch<br \/>\n<em>Tourenverlauf:<\/em> Vom Gr\u00f6dner Joch steigt man zur Pisciad\u00f9h\u00fctte auf und wandert durch die zerkl\u00fcftete Sella bis zur Bo\u00e8h\u00fctte<br \/>\n<em>Endpunkt:<\/em> Bo\u00e8h\u00fctte<br \/>\n<em>Strecke, H\u00f6henunterschied und Gehzeit:<\/em> 7 km, 820m Aufstieg, 90m Abstieg, 4 Stunden<br \/>\n<em>Besonderheiten und Varianten:<\/em> Bei schlechtem Wetter verl\u00e4uft man sich auf der Sella leicht. Von der Bo\u00e8h\u00fctte ist ein Ausflug zur Bo\u00e8spitze ein sch\u00f6ner Abschluss der Tour.<br \/>\n<em>Verkehrsanbindung:<\/em> Keine<\/p>\n<p><strong>17. Etappe: Bo\u00e8h\u00fctte &#8211; Fedaiasee<\/strong><\/p>\n<div id=\"attachment_152\" style=\"width: 224px\" class=\"wp-caption alignright\"><a href=\"http:\/\/new.muenchenvenedig.de\/wp-content\/uploads\/2014\/08\/webpic7-125.jpg\"><img loading=\"lazy\" decoding=\"async\" aria-describedby=\"caption-attachment-152\" src=\"http:\/\/new.muenchenvenedig.de\/wp-content\/uploads\/2014\/08\/webpic7-125.jpg\" alt=\"Blick auf die Marmolada vom Bindelweg\" width=\"214\" height=\"320\" class=\"size-full wp-image-152\" srcset=\"http:\/\/new.muenchenvenedig.de\/wp-content\/uploads\/2014\/08\/webpic7-125.jpg 214w, http:\/\/new.muenchenvenedig.de\/wp-content\/uploads\/2014\/08\/webpic7-125-200x300.jpg 200w\" sizes=\"auto, (max-width: 214px) 100vw, 214px\" \/><\/a><p id=\"caption-attachment-152\" class=\"wp-caption-text\">Blick auf die Marmolada vom Bindelweg<\/p><\/div>\n<p><em>Ausgangspunkt:<\/em> Bo\u00e8h\u00fctte<br \/>\n<em>Tourenverlauf:<\/em> Von der Bo\u00e8h\u00fctte \u00fcber das Plateau der Sella zur Pordoijochh\u00fctte. Von dort gelangt man entweder mit der Seilbahn oder zu Fuss zum Joch. Auf dem Bindelweg wandert man dann mit herrlichem Blick auf die Marmolada immer auf gleicher H\u00f6he, bis am zum Fedaiasee absteigt.<br \/>\n<em>Endpunkt:<\/em> Fedaiasee (versch. Bergh\u00fctten\/Hotels auf beiden Seiten des Staudamms)<br \/>\n<em>Strecke, H\u00f6henunterschied und Gehzeit:<\/em> 12 km, 240m Aufstieg, 1070m Abstieg, 6 Stunden<br \/>\n<em>Besonderheiten und Varianten:<\/em> Keine<br \/>\n<em>Verkehrsanbindung:<\/em> Bus am Pordoijoch zum Fedaiasee, von dort ebenfalls Busverbindung ins Tal nach Alleghe<\/p>\n<p><strong>18. Etappe:  Fedaiasee &#8211; Alleghe<\/strong><\/p>\n<div id=\"attachment_153\" style=\"width: 250px\" class=\"wp-caption alignleft\"><a href=\"http:\/\/new.muenchenvenedig.de\/wp-content\/uploads\/2014\/08\/webpic8-023.jpg\"><img loading=\"lazy\" decoding=\"async\" aria-describedby=\"caption-attachment-153\" src=\"http:\/\/new.muenchenvenedig.de\/wp-content\/uploads\/2014\/08\/webpic8-023.jpg\" alt=\"Alleghesee\" width=\"240\" height=\"320\" class=\"size-full wp-image-153\" srcset=\"http:\/\/new.muenchenvenedig.de\/wp-content\/uploads\/2014\/08\/webpic8-023.jpg 240w, http:\/\/new.muenchenvenedig.de\/wp-content\/uploads\/2014\/08\/webpic8-023-225x300.jpg 225w\" sizes=\"auto, (max-width: 240px) 100vw, 240px\" \/><\/a><p id=\"caption-attachment-153\" class=\"wp-caption-text\">Alleghesee<\/p><\/div>\n<p><em>Ausgangspunkt:<\/em> Fedaiasee<br \/>\n<em>Tourenverlauf:<\/em> Abstieg vom \u00f6stlichen Ende des Sees zun\u00e4chst etwas weglos entlang eine Lifttrasse, dann durch die beeindruckende Sottoguda-Schlucht und entlang eines sehr gepflegten Wanderwegs nach Rocca Pietore und Alleghe.<br \/>\n<em>Endpunkt:<\/em> Alleghe oder Masar\u00e8<br \/>\n<em>Strecke, H\u00f6henunterschied und Gehzeit:<\/em> 22 km, 1100m Abstieg, 4 1\/2 Stunden<br \/>\n<em>Besonderheiten und Varianten:<\/em> Keine<br \/>\n<em>Verkehrsanbindung:<\/em> Bus in Alleghe<\/p>\n","protected":false},"excerpt":{"rendered":"<p>Die Dolomiten sind eine der sch\u00f6nsten Landschaften Europas. Einige ihrer bekanntesten Gebirgsz\u00fcge durchwandern wir auf diesem Teilst\u00fcck. Nach dem L\u00fcsener Wald bzw. der L\u00fcsener Alm passieren wir den Peitlerkofel, durchqueren die Puezgruppe und kommen so bis zum Gr\u00f6dner Joch. Hier streifen wir den ladinischen Sprachraum der Alpen. Das Gebirgsmassiv der Sella liegt vor uns. Nach [&hellip;]<\/p>\n","protected":false},"author":1,"featured_media":0,"parent":5,"menu_order":4,"comment_status":"open","ping_status":"open","template":"","meta":{"footnotes":""},"class_list":["post-73","page","type-page","status-publish","hentry"],"_links":{"self":[{"href":"http:\/\/new.muenchenvenedig.de\/index.php?rest_route=\/wp\/v2\/pages\/73","targetHints":{"allow":["GET"]}}],"collection":[{"href":"http:\/\/new.muenchenvenedig.de\/index.php?rest_route=\/wp\/v2\/pages"}],"about":[{"href":"http:\/\/new.muenchenvenedig.de\/index.php?rest_route=\/wp\/v2\/types\/page"}],"author":[{"embeddable":true,"href":"http:\/\/new.muenchenvenedig.de\/index.php?rest_route=\/wp\/v2\/users\/1"}],"replies":[{"embeddable":true,"href":"http:\/\/new.muenchenvenedig.de\/index.php?rest_route=%2Fwp%2Fv2%2Fcomments&post=73"}],"version-history":[{"count":10,"href":"http:\/\/new.muenchenvenedig.de\/index.php?rest_route=\/wp\/v2\/pages\/73\/revisions"}],"predecessor-version":[{"id":768,"href":"http:\/\/new.muenchenvenedig.de\/index.php?rest_route=\/wp\/v2\/pages\/73\/revisions\/768"}],"up":[{"embeddable":true,"href":"http:\/\/new.muenchenvenedig.de\/index.php?rest_route=\/wp\/v2\/pages\/5"}],"wp:attachment":[{"href":"http:\/\/new.muenchenvenedig.de\/index.php?rest_route=%2Fwp%2Fv2%2Fmedia&parent=73"}],"curies":[{"name":"wp","href":"https:\/\/api.w.org\/{rel}","templated":true}]}}