{"id":82,"date":"2014-08-22T19:16:24","date_gmt":"2014-08-22T19:16:24","guid":{"rendered":"http:\/\/new.muenchenvenedig.de\/?page_id=82"},"modified":"2017-09-30T07:11:14","modified_gmt":"2017-09-30T07:11:14","slug":"zentralalpen","status":"publish","type":"page","link":"http:\/\/new.muenchenvenedig.de\/?page_id=82","title":{"rendered":"Zentralalpen"},"content":{"rendered":"<p><a href=\"http:\/\/new.muenchenvenedig.de\/wp-content\/uploads\/2014\/08\/zentralalpen.png\"><img loading=\"lazy\" decoding=\"async\" src=\"http:\/\/new.muenchenvenedig.de\/wp-content\/uploads\/2014\/08\/zentralalpen.png\" alt=\"Zentralalpen\" width=\"279\" height=\"522\" class=\"alignright size-full wp-image-61\" srcset=\"http:\/\/new.muenchenvenedig.de\/wp-content\/uploads\/2014\/08\/zentralalpen.png 279w, http:\/\/new.muenchenvenedig.de\/wp-content\/uploads\/2014\/08\/zentralalpen-160x300.png 160w\" sizes=\"auto, (max-width: 279px) 100vw, 279px\" \/><\/a><\/p>\n<p>Aus dem nur 500m hoch gelegenen Inntal steigt man in den n\u00e4chsten Tagen hinauf zur Friesenbergscharte, mit fast 3000m der h\u00f6chste Punkt des Traumpfads. Trotz der gro\u00dfen H\u00f6he ist aber keine Gletscher- ausr\u00fcstung und auch keine Eiserfahrung n\u00f6tig. Die Eisfl\u00e4chen des Tuxer Gletscher und des Olperer Massivs umgeht man bei dieser Tour. Nach einer \u00dcbernachtung in der Dominikush\u00fctte am Schlegeisstausee \u00fcberschreitet man die Staatsgrenze nach Italien. Fr\u00fcher war diese Grenze gut bewacht, am Pfitscherjoch stand sogar ein Grenzhaus. In den Zeiten des Schengener Abkommens und des Euros bemerkt man aber nur noch an den Stra\u00dfenschildern, dass man \u00d6sterreich verlassen hat. Ein besonderes Schmankerl auf diesem Teilst\u00fcck ist der Weg von Stein \u00fcber das Gliderschartl ins Pfunderer Tal. Diese landschaftlich sch\u00f6ne Pfad wurde fr\u00fcher nur von Schmugglern und Almbauern begangen. Er wurde in den letzten Jahren sorgf\u00e4ltig hergerichtet und markiert. Am Ende dieser Tour steht eine \u00dcbernachtung in Pfunders. Im Ort Niedervintl gibt es eine gute Verkehrsverbindung. Die Tour kann hier unterbrochen werden.<\/p>\n<p>Weitere Informationen im Internet: [<a href=\"http:\/\/www.tuxeralpen.at\">www.tuxeralpen.at<\/a>]<\/p>\n<p><strong>8. Etappe: Wattens oder Hall in Tirol &#8211; Lizumer H\u00fctte<\/strong><\/p>\n<div id=\"attachment_138\" style=\"width: 319px\" class=\"wp-caption alignright\"><a href=\"http:\/\/new.muenchenvenedig.de\/wp-content\/uploads\/2014\/08\/webpic4-05.jpg\"><img loading=\"lazy\" decoding=\"async\" aria-describedby=\"caption-attachment-138\" src=\"http:\/\/new.muenchenvenedig.de\/wp-content\/uploads\/2014\/08\/webpic4-05.jpg\" alt=\"St. Martin im Gnadenwald\" width=\"309\" height=\"240\" class=\"size-full wp-image-138\" srcset=\"http:\/\/new.muenchenvenedig.de\/wp-content\/uploads\/2014\/08\/webpic4-05.jpg 309w, http:\/\/new.muenchenvenedig.de\/wp-content\/uploads\/2014\/08\/webpic4-05-300x233.jpg 300w\" sizes=\"auto, (max-width: 309px) 100vw, 309px\" \/><\/a><p id=\"caption-attachment-138\" class=\"wp-caption-text\">St. Martin im Gnadenwald<\/p><\/div>\n<p><em>Ausgangspunkt:<\/em> Wattens oder Hall<br \/>\n<em>Tourenverlauf:<\/em> Entlang des Wattentals \u00fcber neu markierte mittelalterliche Steige vermeidet man die Stra\u00dfe und erreicht so den Truppen\u00fcbungsplatz. Von dort \u00fcber den Zirbenweg zur Lizumer H\u00fctte.<br \/>\n<em>Endpunkt:<\/em> Lizumer H\u00fctte<br \/>\n<em>Strecke, H\u00f6henunterschied und Gehzeit:<\/em> 16 km, 1490m Aufstieg (Wattens Variante), 7 Stunden<br \/>\n<em>Besonderheiten und Varianten:<\/em> Von Hall aus kann man mit Bus und Seilbahn zur Tulfeinalm fahren. Entweder \u00fcber den Gwannschafsteig oder durch eine Gratwanderung (ab Glungezerh\u00fctte) erreicht man das Naviserj\u00f6chl und von da die Lizumer H\u00fctte. Achtung: f\u00fcr die Gratwanderung bereits am Vortag zur Glungezer H\u00fctte fahren und dort \u00fcbernachten!<br \/>\n<em>Verkehrsanbindung:<\/em> Bus und Bahn in Wattens und Hall<\/p>\n<p><strong>9. Etappe: Lizumer H\u00fctte &#8211; Tuxerjochhaus<\/strong><\/p>\n<div id=\"attachment_139\" style=\"width: 330px\" class=\"wp-caption alignright\"><a href=\"http:\/\/new.muenchenvenedig.de\/wp-content\/uploads\/2014\/08\/webpic5-14.jpg\"><img loading=\"lazy\" decoding=\"async\" aria-describedby=\"caption-attachment-139\" src=\"http:\/\/new.muenchenvenedig.de\/wp-content\/uploads\/2014\/08\/webpic5-14.jpg\" alt=\"Blick vom Pluderlingsattel \u00fcber den Junssee zum Tuxergletscher.\" width=\"320\" height=\"214\" class=\"size-full wp-image-139\" srcset=\"http:\/\/new.muenchenvenedig.de\/wp-content\/uploads\/2014\/08\/webpic5-14.jpg 320w, http:\/\/new.muenchenvenedig.de\/wp-content\/uploads\/2014\/08\/webpic5-14-300x200.jpg 300w\" sizes=\"auto, (max-width: 320px) 100vw, 320px\" \/><\/a><p id=\"caption-attachment-139\" class=\"wp-caption-text\">Blick vom Pluderlingsattel \u00fcber den Junssee zum Tuxergletscher.<\/p><\/div>\n<p><em>Ausgangspunkt:<\/em> Lizumer H\u00fctte<br \/>\n<em>Tourenverlauf:<\/em> Von der Lizumer H\u00fctte zun\u00e4chst Aufstieg zum Pluderlingsattel, \u00fcber die Toten B\u00f6den und den Gsch\u00fctzspitzsattel, dann hinab ins Weitental und neuerlicher Aufstieg zum Tuxerjoch.<br \/>\n<em>Endpunkt:<\/em> Tuxerjoch Haus<br \/>\n<em>Strecke, H\u00f6henunterschied und Gehzeit:<\/em> 11 km, 1150m Aufstieg, 880m Abstieg, 7 Stunden<br \/>\n<em>Besonderheiten und Varianten:<\/em> Keine<br \/>\n<em>Verkehrsanbindung:<\/em> Keine<\/p>\n<p><strong>10. Etappe: Tuxerjochhaus &#8211; Schlegeis<\/strong><\/p>\n<div id=\"attachment_141\" style=\"width: 330px\" class=\"wp-caption alignright\"><a href=\"http:\/\/new.muenchenvenedig.de\/wp-content\/uploads\/2014\/08\/webpic5-52.jpg\"><img loading=\"lazy\" decoding=\"async\" aria-describedby=\"caption-attachment-141\" src=\"http:\/\/new.muenchenvenedig.de\/wp-content\/uploads\/2014\/08\/webpic5-52.jpg\" alt=\"Blick von der Friesenbergscharte\" width=\"320\" height=\"240\" class=\"size-full wp-image-141\" srcset=\"http:\/\/new.muenchenvenedig.de\/wp-content\/uploads\/2014\/08\/webpic5-52.jpg 320w, http:\/\/new.muenchenvenedig.de\/wp-content\/uploads\/2014\/08\/webpic5-52-300x225.jpg 300w\" sizes=\"auto, (max-width: 320px) 100vw, 320px\" \/><\/a><p id=\"caption-attachment-141\" class=\"wp-caption-text\">Blick von der Friesenbergscharte<\/p><\/div>\n<p><em>Variante 1:<\/em><br \/>\n<em>Ausgangspunkt:<\/em> Tuxerjochhaus<br \/>\n<em>Tourenverlauf:<\/em> Von der H\u00fctte zum Spannagelhaus am Rand des Tuxer Gletscher. Von dort \u00fcber die Friesenbergscharte, vorbei an Friesenbergsee und der gleichnamigen H\u00fctte hinab zum Schlegeissee oder zur Olpererh\u00fctte.<br \/>\n<em>Endpunkt:<\/em> Dominikush\u00fctte<br \/>\n<em>Strecke, H\u00f6henunterschied und Gehzeit:<\/em> 12 km, 830m Aufstieg, 1340m Abstieg, 6 Stunden<br \/>\n<em>Verkehrsanbindung:<\/em> Bus am Schlegeissee.<\/p>\n<p><em>Variante 2:<\/em><br \/>\n<em>Ausgangspunkt:<\/em> Tuxerjochhaus<br \/>\n<em>Tourenverlauf:<\/em> Von der H\u00fctte zum Spannagelhaus am Rand des Tuxer Gletscher. Von dort \u00fcber die Friesenbergscharte, vorbei an Friesenbergsee und der gleichnamigen H\u00fctte hinab zum Schlegeissee oder zur Olpererh\u00fctte.<br \/>\n<em>Endpunkt:<\/em> Olpererh\u00fctte<br \/>\n<em>Strecke, H\u00f6henunterschied und Gehzeit:<\/em> 12 km, 830m Aufstieg, 800m Abstieg, 5 1\/2 Stunden<br \/>\n<em>Verkehrsanbindung:<\/em> Bus am Schlegeissee.<\/p>\n<p>Weitere Informationen im Internet: [<a href=\"http:\/\/www.tux.at\">www.tux.at<\/a>] [<a href=\"http:\/\/www.touristenklub.at\/huetten\/41.htm\">www.touristenklub.at\/huetten\/41.htm<\/a>] <\/p>\n<p><strong>11. Etappe: Schlegeis &#8211; Stein<\/strong><\/p>\n<div id=\"attachment_142\" style=\"width: 330px\" class=\"wp-caption alignright\"><a href=\"http:\/\/new.muenchenvenedig.de\/wp-content\/uploads\/2014\/08\/webpic6-03.jpg\"><img loading=\"lazy\" decoding=\"async\" aria-describedby=\"caption-attachment-142\" src=\"http:\/\/new.muenchenvenedig.de\/wp-content\/uploads\/2014\/08\/webpic6-03.jpg\" alt=\"Das \u00d6rtchen Stein\" width=\"320\" height=\"214\" class=\"size-full wp-image-142\" srcset=\"http:\/\/new.muenchenvenedig.de\/wp-content\/uploads\/2014\/08\/webpic6-03.jpg 320w, http:\/\/new.muenchenvenedig.de\/wp-content\/uploads\/2014\/08\/webpic6-03-300x200.jpg 300w\" sizes=\"auto, (max-width: 320px) 100vw, 320px\" \/><\/a><p id=\"caption-attachment-142\" class=\"wp-caption-text\">Das \u00d6rtchen Stein<\/p><\/div>\n<p><em>Variante 1:<\/em><br \/>\n<em>Ausgangspunkt:<\/em> Dominikush\u00fctte<br \/>\n<em>Tourenverlauf:<\/em> Leichte Wanderung zum Pfitscher Joch, Abstieg \u00fcber malerisches Steiglein nach Stein.<br \/>\n<em>Endpunkt:<\/em> Stein<br \/>\n<em>Strecke, H\u00f6henunterschied und Gehzeit:<\/em> 14 km, 470m Aufstieg, 700m Abstieg, 4 Stunden<br \/>\n<em>Besonderheiten und Varianten:<\/em> Keine<br \/>\n<em>Verkehrsanbindung:<\/em> Bus in Stein<\/p>\n<p><em>Variante 2:<\/em><br \/>\n<em>Ausgangspunkt:<\/em> Olpererh\u00fctte<br \/>\n<em>Tourenverlauf:<\/em> Wanderung \u00fcber Steinplattenweg zum Pfitscher Joch, Abstieg \u00fcber malerisches Steiglein nach Stein.<br \/>\n<em>Endpunkt:<\/em> Stein<br \/>\n<em>Strecke, H\u00f6henunterschied und Gehzeit:<\/em> 14 km, 450m Aufstieg, 1200m Abstieg, 5 1\/2 Stunden<br \/>\n<em>Besonderheiten und Varianten:<\/em> Keine<br \/>\n<em>Verkehrsanbindung:<\/em> Bus in Stein<\/p>\n<p><strong>12. Etappe: Stein &#8211; Pfunders<\/strong><\/p>\n<div id=\"attachment_143\" style=\"width: 330px\" class=\"wp-caption alignright\"><a href=\"http:\/\/new.muenchenvenedig.de\/wp-content\/uploads\/2014\/08\/webpic6-17.jpg\"><img loading=\"lazy\" decoding=\"async\" aria-describedby=\"caption-attachment-143\" src=\"http:\/\/new.muenchenvenedig.de\/wp-content\/uploads\/2014\/08\/webpic6-17.jpg\" alt=\"Schafe auf der oberen Engbergalm\" width=\"320\" height=\"232\" class=\"size-full wp-image-143\" srcset=\"http:\/\/new.muenchenvenedig.de\/wp-content\/uploads\/2014\/08\/webpic6-17.jpg 320w, http:\/\/new.muenchenvenedig.de\/wp-content\/uploads\/2014\/08\/webpic6-17-300x217.jpg 300w\" sizes=\"auto, (max-width: 320px) 100vw, 320px\" \/><\/a><p id=\"caption-attachment-143\" class=\"wp-caption-text\">Schafe auf der oberen Engbergalm<\/p><\/div>\n<p><em>Ausgangspunkt:<\/em> Stein<br \/>\n<em>Tourenverlauf:<\/em> Zun\u00e4chst entlang des Gliderbachs steigt man zum Gliderschartl auf. \u00dcber die Engbergalmen und die Duner Klamm erreicht man den Ort Pfunders.<br \/>\n<em>Endpunkt:<\/em> Pfunders<br \/>\n<em>Strecke, H\u00f6henunterschied und Gehzeit:<\/em> 16 km, 1100m Aufstieg, 1500m Abstieg, 7 1\/2 Stunden<br \/>\n<em>Besonderheiten und Varianten:<\/em> Keine<br \/>\n<em>Verkehrsanbindung:<\/em> Bus in Pfunders<\/p>\n","protected":false},"excerpt":{"rendered":"<p>Aus dem nur 500m hoch gelegenen Inntal steigt man in den n\u00e4chsten Tagen hinauf zur Friesenbergscharte, mit fast 3000m der h\u00f6chste Punkt des Traumpfads. Trotz der gro\u00dfen H\u00f6he ist aber keine Gletscher- ausr\u00fcstung und auch keine Eiserfahrung n\u00f6tig. Die Eisfl\u00e4chen des Tuxer Gletscher und des Olperer Massivs umgeht man bei dieser Tour. Nach einer \u00dcbernachtung [&hellip;]<\/p>\n","protected":false},"author":1,"featured_media":0,"parent":5,"menu_order":3,"comment_status":"open","ping_status":"open","template":"","meta":{"footnotes":""},"class_list":["post-82","page","type-page","status-publish","hentry"],"_links":{"self":[{"href":"http:\/\/new.muenchenvenedig.de\/index.php?rest_route=\/wp\/v2\/pages\/82","targetHints":{"allow":["GET"]}}],"collection":[{"href":"http:\/\/new.muenchenvenedig.de\/index.php?rest_route=\/wp\/v2\/pages"}],"about":[{"href":"http:\/\/new.muenchenvenedig.de\/index.php?rest_route=\/wp\/v2\/types\/page"}],"author":[{"embeddable":true,"href":"http:\/\/new.muenchenvenedig.de\/index.php?rest_route=\/wp\/v2\/users\/1"}],"replies":[{"embeddable":true,"href":"http:\/\/new.muenchenvenedig.de\/index.php?rest_route=%2Fwp%2Fv2%2Fcomments&post=82"}],"version-history":[{"count":7,"href":"http:\/\/new.muenchenvenedig.de\/index.php?rest_route=\/wp\/v2\/pages\/82\/revisions"}],"predecessor-version":[{"id":767,"href":"http:\/\/new.muenchenvenedig.de\/index.php?rest_route=\/wp\/v2\/pages\/82\/revisions\/767"}],"up":[{"embeddable":true,"href":"http:\/\/new.muenchenvenedig.de\/index.php?rest_route=\/wp\/v2\/pages\/5"}],"wp:attachment":[{"href":"http:\/\/new.muenchenvenedig.de\/index.php?rest_route=%2Fwp%2Fv2%2Fmedia&parent=82"}],"curies":[{"name":"wp","href":"https:\/\/api.w.org\/{rel}","templated":true}]}}