{"id":9,"date":"2014-08-22T18:20:55","date_gmt":"2014-08-22T18:20:55","guid":{"rendered":"http:\/\/new.muenchenvenedig.de\/?page_id=9"},"modified":"2014-08-23T22:36:04","modified_gmt":"2014-08-23T22:36:04","slug":"tipps","status":"publish","type":"page","link":"http:\/\/new.muenchenvenedig.de\/?page_id=9","title":{"rendered":"Infos"},"content":{"rendered":"<p><strong>Kondition und k\u00f6rperliche Vorbereitung<\/strong><\/p>\n<p>Grunds\u00e4tzlich kann jeder k\u00f6rperlich gesunde Mensch die Tour bew\u00e4ltigen. Uns sind Begehungen mit Kindern im Alter von sieben Jahren genauso bekannte wie durch \u201creifere Semester\u201d deutlich \u00fcber siebzig. \u00dcber 500 Kilometer Wegstrecke und ca. 20000 H\u00f6henmeter sind jedoch keine Kleinigkeit. Es ist eine Sache an einem Tag 30 km Wegstrecke zu bew\u00e4ltigen, aber 28 Tage hintereinander mit 15 kg Rucksack sind eine ganz andere Belastung. <\/p>\n<div id=\"attachment_234\" style=\"width: 330px\" class=\"wp-caption alignright\"><a href=\"http:\/\/new.muenchenvenedig.de\/wp-content\/uploads\/2014\/08\/webpic1-28.jpg\"><img loading=\"lazy\" decoding=\"async\" aria-describedby=\"caption-attachment-234\" src=\"http:\/\/new.muenchenvenedig.de\/wp-content\/uploads\/2014\/08\/webpic1-28.jpg\" alt=\"Iasrufer: die Strecken im Flachland sind anstrengend.\" width=\"320\" height=\"214\" class=\"size-full wp-image-234\" srcset=\"http:\/\/new.muenchenvenedig.de\/wp-content\/uploads\/2014\/08\/webpic1-28.jpg 320w, http:\/\/new.muenchenvenedig.de\/wp-content\/uploads\/2014\/08\/webpic1-28-300x200.jpg 300w\" sizes=\"auto, (max-width: 320px) 100vw, 320px\" \/><\/a><p id=\"caption-attachment-234\" class=\"wp-caption-text\">Iasrufer: die Strecken im Flachland sind anstrengend.<\/p><\/div>\n<p>Wer sich selbst und seine eigene Leistungsgrenzen noch nicht kennt, sollte im Fr\u00fchjahr mehrere Vorbereitungsgtouren einplanen. Dabei sollte die Ausr\u00fcstung (Schuhe, Rucksack, Gewicht) genau so sein, wie sp\u00e4ter auch f\u00fcr die Tour geplant. \u00dcberraschenderweise sind bei dem Weg vor allem auch die \u201cFlachlandetappen\u201d mit 30km und mehr eine Herausforderung. Wer nicht in der N\u00e4he der Alpen wohnt kann sich deswegen auch ganz gut vorbereiten, in dem er einfach mal ein 30 Kilometer entferntes Wanderziel aussucht und am Samstag morgens hinl\u00e4uft. Am Sonntag geht es dann zur\u00fcck. Ohne Schummeln! Wenn sich die F\u00fc\u00dfe am Montag morgen noch gut anf\u00fchlen und man nicht am Kr\u00fcckstock l\u00e4uft, ist man gut vorbereitet<\/p>\n<p><strong>Alpine Gefahren und bergsteigerisches K\u00f6nnen<\/strong><\/p>\n<div id=\"attachment_237\" style=\"width: 250px\" class=\"wp-caption alignright\"><a href=\"http:\/\/new.muenchenvenedig.de\/wp-content\/uploads\/2014\/08\/webpic7-107.jpg\"><img loading=\"lazy\" decoding=\"async\" aria-describedby=\"caption-attachment-237\" src=\"http:\/\/new.muenchenvenedig.de\/wp-content\/uploads\/2014\/08\/webpic7-107.jpg\" alt=\"Aufstieg durch\u2019s Val Setus auf die Sella.\" width=\"240\" height=\"320\" class=\"size-full wp-image-237\" srcset=\"http:\/\/new.muenchenvenedig.de\/wp-content\/uploads\/2014\/08\/webpic7-107.jpg 240w, http:\/\/new.muenchenvenedig.de\/wp-content\/uploads\/2014\/08\/webpic7-107-225x300.jpg 225w\" sizes=\"auto, (max-width: 240px) 100vw, 240px\" \/><\/a><p id=\"caption-attachment-237\" class=\"wp-caption-text\">Aufstieg durch\u2019s Val Setus auf die Sella.<\/p><\/div>\n<p>Die Alpen sind ein Hochgebirge (wer h\u00e4tte das gedacht &#8230;) und der Venediggeher muss sich auf die Gefahren dieser im Vergleich zum Flachland menschenleeren und urspr\u00fcnglichen Landschaft einstellen. Dazu ist Erfahrung n\u00f6tig.<br \/>\nF\u00fcr Venedigwanderer ohne alpine Erfahrung ist es ratsam, bei der \u00f6rtlichen Alpenvereinssektion ein gef\u00fchrtes Tourenwochenende in den Alpen zu machen und sich auf diese Weise zu informieren.<\/p>\n<p>Die Venedigtour ist nat\u00fcrlich keine Himalaya-Expedition, Kletter- oder Eiskenntnisse sind nicht erforderlich. Trotzdem sei hier vor Selbst\u00fcbersch\u00e4tzung gewarnt. Sie ist der gr\u00f6\u00dfte Feind des Bergwanderers. <a href=\"http:\/\/new.muenchenvenedig.de\/?page_id=232\" title=\"Gefahren\">Mehr Infos zum Thema Gefahren findet ihr hier.<\/a><\/p>\n<p><strong>Literatur<\/strong><\/p>\n<div id=\"attachment_50\" style=\"width: 263px\" class=\"wp-caption alignright\"><a href=\"http:\/\/new.muenchenvenedig.de\/?page_id=7\"><img loading=\"lazy\" decoding=\"async\" aria-describedby=\"caption-attachment-50\" src=\"http:\/\/new.muenchenvenedig.de\/wp-content\/uploads\/2014\/08\/milit_rkarte0-kartenbild.jpg\" alt=\"Ludwig Gra\u00dflers Karte mit Wegmarkierungen  aus den 70ern.\" width=\"253\" height=\"197\" class=\"size-full wp-image-50\" \/><\/a><p id=\"caption-attachment-50\" class=\"wp-caption-text\">Ludwig Gra\u00dflers Karte mit Wegmarkierungen  aus den 70ern.<\/p><\/div>\n<p>Wir sind die Tour einmal zuhause komplett im Kopf \u201cdurchgegangen\u201d und haben uns dabei die <a href=\"http:\/\/new.muenchenvenedig.de\/?page_id=7\" title=\"Karten\">Karten<\/a> und <a href=\"http:\/\/new.muenchenvenedig.de\/?page_id=92\" title=\"Literatur\">F\u00fchrer<\/a> genau angesehen. Das macht man am Besten an einem verregneten Sonntag Nachmittag, an dem man sonst nichts anderes vor hat. Erstens steigert das die Vorfreude und zweites wei\u00df man, auf was man sich einl\u00e4sst. Einen kompletten Satz Karten und die wichtigste Literatur hatten wir im Rucksack dabei. <\/p>\n<p><strong>Sprache<\/strong><\/p>\n<p><a href=\"http:\/\/new.muenchenvenedig.de\/wp-content\/uploads\/2014\/08\/webpic6-01.jpg\"><img loading=\"lazy\" decoding=\"async\" src=\"http:\/\/new.muenchenvenedig.de\/wp-content\/uploads\/2014\/08\/webpic6-01.jpg\" alt=\"Pfitscherjoch Grenze\" width=\"211\" height=\"320\" class=\"alignleft size-full wp-image-238\" srcset=\"http:\/\/new.muenchenvenedig.de\/wp-content\/uploads\/2014\/08\/webpic6-01.jpg 211w, http:\/\/new.muenchenvenedig.de\/wp-content\/uploads\/2014\/08\/webpic6-01-197x300.jpg 197w\" sizes=\"auto, (max-width: 211px) 100vw, 211px\" \/><\/a><\/p>\n<p>Entgegen der landl\u00e4ufigen Meinung kommt man in Italien nicht \u00fcberall mit Deutsch durch. Die Etappen ab Belluno gehen durch Gegenden, in denen deutsche Touristen selten sind. Wir fanden es ganz n\u00fctzlich, zuhause ein paar Mal eine Sprachkassette anzuh\u00f6ren. Zusammen mit dem Sprachf\u00fchrer in unserer <a href=\"http:\/\/new.muenchenvenedig.de\/?page_id=92\" title=\"Literatur\">Literaturliste<\/a> ist man gut vorbereitet. <\/p>\n<p><strong>Reservierungen<\/strong><\/p>\n<p>Manche Bergsteiger haben die \u00dcbernachtungsquartiere f\u00fcr die ganze Strecke vorgebucht. Wenn man mit einer Gruppe ab drei Personen unterwegs ist, ist das sicher ratsam. Viele der H\u00fctten und Quartiere am Weg haben nicht viele Schlafpl\u00e4tze und man kann Probleme bekommen. Vor allem im italienischen Flachland und auf machen Dolomitenh\u00fctten wurde es zeitweise eng. In unserem Wanderf\u00fchrer ist eine Liste von Telefonnummern der Unterk\u00fcnfte abgedruckt. <\/p>\n<p>Wir haben auf eine durchgehende Reservierung verzichtet, um flexibler zu sein. Gelegentlich haben wir mit dem Handy vorher in der H\u00fctte angerufen. In den Dolomiten kann man den Wirt bitten, bei der n\u00e4chsten H\u00fctte anzurufen. Angeblich kann man die Dolomitenh\u00fctten auch per Internet reservieren. Einen entsprechende Link findet ihr auf unserer <a href=\"http:\/\/new.muenchenvenedig.de\/?page_id=11\" title=\"Links\">Linkseite<\/a>.<\/p>\n<p><strong>Ausr\u00fcstung<\/strong><\/p>\n<p><a href=\"http:\/\/new.muenchenvenedig.de\/?page_id=230\" title=\"Ausr\u00fcstung\">Dazu schreiben wir eine eigene Seite<\/a>. Man kann die Bedeutung der richtigen Ausr\u00fcstung nicht \u00fcberbetonen.<\/p>\n<p><strong>Reisezeit<\/strong><\/p>\n<p>Die beste Reisezeit f\u00fcr den Traumpfad sind die Monate Juli und August. Fr\u00fche Starts im Juni sind m\u00f6glich, allerdings ist dann mit verschneiten P\u00e4ssen und Berggifeln zu rechnen. Man sollte sich dann vor der Tour durch Anruf bei den Bergh\u00fctten erkundigen, wie die Wegbedingungen sind. Starts im September sind m\u00f6glich wenn die Wetterbedingungen stabil bleiben. Die H\u00fctten in Italien werden dann aber schon geschlossen sein und man muss sich mit einem Zelt behelfen.<\/p>\n<p><strong>Sonstiges<\/strong><\/p>\n<p>Einige weitere Hinweise geben wir auf unserer <a href=\"http:\/\/new.muenchenvenedig.de\/?page_id=241\" title=\"Tipps\">Tipps-Seite<\/a> und bei den <a href=\"http:\/\/new.muenchenvenedig.de\/?page_id=5\" title=\"Route\">Tourenbeschreibungen<\/a>. Alles was wir hier schreiben ist nat\u00fcrlich nur unser subjektiver Eindruck. Wenn ihr andere Erfahrungen gemacht habt oder etwas erg\u00e4nzen wollt, dann mailt uns bitte. Wir nehmen neu Infos gerne auf.<\/p>\n","protected":false},"excerpt":{"rendered":"<p>Kondition und k\u00f6rperliche Vorbereitung Grunds\u00e4tzlich kann jeder k\u00f6rperlich gesunde Mensch die Tour bew\u00e4ltigen. Uns sind Begehungen mit Kindern im Alter von sieben Jahren genauso bekannte wie durch \u201creifere Semester\u201d deutlich \u00fcber siebzig. \u00dcber 500 Kilometer Wegstrecke und ca. 20000 H\u00f6henmeter sind jedoch keine Kleinigkeit. Es ist eine Sache an einem Tag 30 km Wegstrecke zu [&hellip;]<\/p>\n","protected":false},"author":1,"featured_media":0,"parent":0,"menu_order":3,"comment_status":"open","ping_status":"open","template":"","meta":{"footnotes":""},"class_list":["post-9","page","type-page","status-publish","hentry"],"_links":{"self":[{"href":"http:\/\/new.muenchenvenedig.de\/index.php?rest_route=\/wp\/v2\/pages\/9","targetHints":{"allow":["GET"]}}],"collection":[{"href":"http:\/\/new.muenchenvenedig.de\/index.php?rest_route=\/wp\/v2\/pages"}],"about":[{"href":"http:\/\/new.muenchenvenedig.de\/index.php?rest_route=\/wp\/v2\/types\/page"}],"author":[{"embeddable":true,"href":"http:\/\/new.muenchenvenedig.de\/index.php?rest_route=\/wp\/v2\/users\/1"}],"replies":[{"embeddable":true,"href":"http:\/\/new.muenchenvenedig.de\/index.php?rest_route=%2Fwp%2Fv2%2Fcomments&post=9"}],"version-history":[{"count":12,"href":"http:\/\/new.muenchenvenedig.de\/index.php?rest_route=\/wp\/v2\/pages\/9\/revisions"}],"predecessor-version":[{"id":320,"href":"http:\/\/new.muenchenvenedig.de\/index.php?rest_route=\/wp\/v2\/pages\/9\/revisions\/320"}],"wp:attachment":[{"href":"http:\/\/new.muenchenvenedig.de\/index.php?rest_route=%2Fwp%2Fv2%2Fmedia&parent=9"}],"curies":[{"name":"wp","href":"https:\/\/api.w.org\/{rel}","templated":true}]}}