{"id":92,"date":"2014-08-22T19:33:29","date_gmt":"2014-08-22T19:33:29","guid":{"rendered":"http:\/\/new.muenchenvenedig.de\/?page_id=92"},"modified":"2025-08-02T10:42:24","modified_gmt":"2025-08-02T10:42:24","slug":"vorbereitung","status":"publish","type":"page","link":"http:\/\/new.muenchenvenedig.de\/?page_id=92","title":{"rendered":"Literatur"},"content":{"rendered":"<p><a href=\"https:\/\/www.amazon.de\/Wanderf\u00fchrer-Traumpfad-Fernwanderwege-Wolfratshausen-Herausnehmen\/dp\/3734309107\/wwwmuenchenve-21\" rel=\"attachment wp-att-743\"><img loading=\"lazy\" decoding=\"async\" class=\"alignright\" src=\"http:\/\/new.muenchenvenedig.de\/wp-content\/uploads\/2014\/08\/51AjNCLy2ML._SX322_BO1204203200_-195x300.jpg\" alt=\"51AjNCLy2ML._SX322_BO1,204,203,200_\" width=\"195\" height=\"300\" \/><\/a><\/p>\n<p><strong>Wanderf\u00fchrer<\/strong><\/p>\n<p>Der Wanderf\u00fchrer zum Weg wurde 2003 das erste Mal als eigenst\u00e4ndiges Buch ver\u00f6ffentlich. Vorher war nur der integrierte Tourenf\u00fchrer des Bildbands verf\u00fcgbar. Ludwig Gra\u00dfler bat uns damals, dieses Buch mit ihm zu schreiben und den Weg weiter zu betreuen. Inzwischen sind zahlreiche Neuauflagen und Neubearbeitungen entstanden. Im Jahr 2016 haben wir den Wanderf\u00fchrer mit dem Team des Bruckmann Verlags komplett neu bearbeitet. Neue H\u00f6henprofile, Karten und Toureninformationen erg\u00e4nzen jetzt das Buch. Wir halten uns an die klassische Etappeneinteilung, die Ludwig Gra\u00dfler in der ersten Auflage seines klassischen Bildbands erarbeitet hat. Lediglich der Weg auf die Benediktenwand anstatt \u00fcber Leger wurde von Ludwig Gra\u00dfler 2003 f\u00fcr die erste Auflage des Wanderf\u00fchrers ge\u00e4ndert.<\/p>\n<p><a href=\"http:\/\/www.amazon.de\/gp\/product\/3765449717\/wwwmuenchenve-21\"><img loading=\"lazy\" decoding=\"async\" class=\"alignright size-full wp-image-263\" src=\"http:\/\/new.muenchenvenedig.de\/wp-content\/uploads\/2014\/08\/Bildband-2010.jpg\" alt=\"Bildband-2010\" width=\"300\" height=\"300\" srcset=\"http:\/\/new.muenchenvenedig.de\/wp-content\/uploads\/2014\/08\/Bildband-2010.jpg 300w, http:\/\/new.muenchenvenedig.de\/wp-content\/uploads\/2014\/08\/Bildband-2010-150x150.jpg 150w\" sizes=\"auto, (max-width: 300px) 100vw, 300px\" \/><\/a><\/p>\n<p><strong>Der Bildband<\/strong><\/p>\n<p>Als 2010 die letzten Exemplare von Ludwig Gra\u00dflers Klassiker vergriffen waren, hat uns Ludwig und der Bruckmann Verlag gebeten, eine komplette Neubearbeitung des Bildbands zu machen. Ein erstes Kapitel wurde von Ludwig Gra\u00dfler selbst geschrieben und enth\u00e4lt vorher unver\u00f6ffentliche Bilder und Geschichten zur Entstehung des Traumpfads. Auch hier halten wir uns an die Originalroute und nehmen viele von den Motiven aus Ludwigs Buch auf. Wenn ihr einen Vorgeschmack auf die Bilder in diesem Buch sehen wollt, dann besucht doch einmal unser <a href=\"https:\/\/www.flickr.com\/photos\/muenchenvenedig\/sets\/72157624724321523\/\">Traumpfad-Album auf flickr<\/a>.<\/p>\n<p><a href=\"http:\/\/www.amazon.de\/exec\/obidos\/ASIN\/3765442062\/wwwmuenchenve-21\"><img loading=\"lazy\" decoding=\"async\" class=\"alignright size-full wp-image-252\" src=\"http:\/\/new.muenchenvenedig.de\/wp-content\/uploads\/2014\/08\/Buch-Cover-Original-Klein1.jpeg\" alt=\"Buch-Cover-Original-Klein\" width=\"236\" height=\"312\" srcset=\"http:\/\/new.muenchenvenedig.de\/wp-content\/uploads\/2014\/08\/Buch-Cover-Original-Klein1.jpeg 236w, http:\/\/new.muenchenvenedig.de\/wp-content\/uploads\/2014\/08\/Buch-Cover-Original-Klein1-226x300.jpeg 226w\" sizes=\"auto, (max-width: 236px) 100vw, 236px\" \/><\/a><\/p>\n<p><strong>Der Klassiker<\/strong><\/p>\n<p>Dieses Buch ist 1977 erschienen und beschreibt das erste Mal den Weg von M\u00fcnchen nach Venedig auf dem Traumpfad. Vorher gab es bereits eine Ver\u00f6ffentlichung in Form von Kalenderbl\u00e4ttern. Auf der R\u00fcckseite war der Weg beschrieben. Einige Venediggeher der ersten Stunde sind mit Hilfe dieser Kalenderbl\u00e4tter nach Venedig gewandert.<\/p>\n<p>Dieses Buch wurde zun\u00e4chst im S\u00fcddeutschen Verlag ver\u00f6ffentlicht, anschlie\u00dfend kaufte J. Berg die Rechte und druckte das Buch in einer ver\u00e4nderten Ausstattung mit einem Tourenband als Beilage. J. Berg wurde von Bruckmann gekauft, die ebenfalls den Bildband mit Tourenbeilage weiter bis 2006 ver\u00f6ffentlichte. In der 2006 Auflage haben wir bereits mit Ludwig zusammen die Tourenbeilage bearbeitet.<\/p>\n<p><strong>Tourenbeschreibung<\/strong><\/p>\n<p>Ludwig und wir (Stefan und Eva) wollen mit den B\u00fcchern zum Traumpfad kein Geld verdienen. Unser Ziel ist es, dass m\u00f6glich viele Wanderer den Traumpfad begehen k\u00f6nnen und dazu die n\u00f6tigen Informationen finden. 2002 war zeitweise gar kein Buch mehr erh\u00e4ltlich, da der Bildband vergriffen war und der Wanderf\u00fchrer noch nicht erschienen. Damals hatte der Dumont-Verlag eine eigene Ausgabe eines Wanderf\u00fchrers ver\u00f6ffentlich, wir konnten mit dann ein Jahr sp\u00e4ter mit dem Bruckmann Wanderf\u00fchrer nachziehen. Seither sind auch Rother und Conrad Stein auf den Trend aufgesprungen. Damit sind jetzt 4 Wanderf\u00fchrer am Markt und die Gefahr, dass der Traumpfad in Vergessenheit f\u00e4llt besteht nicht mehr.<\/p>\n<p>Um ganz sicher zu gehen stellen wir seit einigen Jahren die komplette Tourenbeschreibung, d.h. die Liste der Quartiere mit Telefonnummern, Gehzeiten, Wegbeschreibungen und alles was man zum Gehen des Weges unbedingt braucht als <a href=\"http:\/\/new.muenchenvenedig.de\/wp-content\/uploads\/2014\/08\/Toureninfo_MuenchenVenedig.de_2.pdf\">Tourenbeschreibung kostenlos zum Download zur Verf\u00fcgung<\/a>. Jeder kann diesen Text nutzen uns selbst wieder weiter verteilen.<\/p>\n<p>F\u00fcr Benutzer von Smartphones und anderen mobilen Ger\u00e4ten haben wir diese Datei als epub aufbereitet (<a href=\"http:\/\/www.muenchenvenedig.de\/Outdoor\/Toureninfo_MuenchenVenedig.epub\">Download epub hier<\/a>).<\/p>\n<p>Seht auch auf der <a title=\"Karten\" href=\"http:\/\/new.muenchenvenedig.de\/?page_id=7\">Kartenseite<\/a> f\u00fcr weiteres kostenloses Material nach.<\/p>\n\n\n<p><\/p>\n","protected":false},"excerpt":{"rendered":"<p>Wanderf\u00fchrer Der Wanderf\u00fchrer zum Weg wurde 2003 das erste Mal als eigenst\u00e4ndiges Buch ver\u00f6ffentlich. Vorher war nur der integrierte Tourenf\u00fchrer des Bildbands verf\u00fcgbar. Ludwig Gra\u00dfler bat uns damals, dieses Buch mit ihm zu schreiben und den Weg weiter zu betreuen. Inzwischen sind zahlreiche Neuauflagen und Neubearbeitungen entstanden. Im Jahr 2016 haben wir den Wanderf\u00fchrer mit [&hellip;]<\/p>\n","protected":false},"author":1,"featured_media":0,"parent":9,"menu_order":1,"comment_status":"open","ping_status":"open","template":"","meta":{"footnotes":""},"class_list":["post-92","page","type-page","status-publish","hentry"],"_links":{"self":[{"href":"http:\/\/new.muenchenvenedig.de\/index.php?rest_route=\/wp\/v2\/pages\/92","targetHints":{"allow":["GET"]}}],"collection":[{"href":"http:\/\/new.muenchenvenedig.de\/index.php?rest_route=\/wp\/v2\/pages"}],"about":[{"href":"http:\/\/new.muenchenvenedig.de\/index.php?rest_route=\/wp\/v2\/types\/page"}],"author":[{"embeddable":true,"href":"http:\/\/new.muenchenvenedig.de\/index.php?rest_route=\/wp\/v2\/users\/1"}],"replies":[{"embeddable":true,"href":"http:\/\/new.muenchenvenedig.de\/index.php?rest_route=%2Fwp%2Fv2%2Fcomments&post=92"}],"version-history":[{"count":24,"href":"http:\/\/new.muenchenvenedig.de\/index.php?rest_route=\/wp\/v2\/pages\/92\/revisions"}],"predecessor-version":[{"id":823,"href":"http:\/\/new.muenchenvenedig.de\/index.php?rest_route=\/wp\/v2\/pages\/92\/revisions\/823"}],"up":[{"embeddable":true,"href":"http:\/\/new.muenchenvenedig.de\/index.php?rest_route=\/wp\/v2\/pages\/9"}],"wp:attachment":[{"href":"http:\/\/new.muenchenvenedig.de\/index.php?rest_route=%2Fwp%2Fv2%2Fmedia&parent=92"}],"curies":[{"name":"wp","href":"https:\/\/api.w.org\/{rel}","templated":true}]}}